{"id":214290,"date":"2024-10-18T12:11:38","date_gmt":"2024-10-18T10:11:38","guid":{"rendered":"https:\/\/setnology.es\/?page_id=214290"},"modified":"2024-10-18T12:11:41","modified_gmt":"2024-10-18T10:11:41","slug":"terminos-y-condiciones-de-la-contratacion-de-dominios","status":"publish","type":"page","link":"https:\/\/setnology.es\/index.php\/terminos-y-condiciones-de-la-contratacion-de-dominios\/","title":{"rendered":"T\u00e9rminos y condiciones de la contrataci\u00f3n de dominios"},"content":{"rendered":"\n<p><strong>Al&nbsp;contratar&nbsp;un&nbsp;dominio&nbsp;con&nbsp;nosotros,&nbsp;est\u00e1 aceptando tambi\u00e9n el contrato ICANN. Su&nbsp;dominio&nbsp;ser\u00e1&nbsp;gestionado&nbsp;por&nbsp;el&nbsp;agente&nbsp;Soluciones&nbsp;Corporativas&nbsp;IP.<\/strong><\/p>\n\n\n\n<p><strong>Contrato&nbsp;ICANN<\/strong>:&nbsp;Para&nbsp;m\u00e1s&nbsp;detalles&nbsp;sobre&nbsp;las&nbsp;especificaciones&nbsp;del&nbsp;contrato,&nbsp;puede&nbsp;consultar&nbsp;el&nbsp;siguiente&nbsp;enlace:&nbsp;<a href=\"https:\/\/www.icann.org\/resources\/pages\/approved-with-specs-2013-09-17-en?form=MG0AV3\" target=\"_blank\" rel=\"noreferrer noopener\"><strong>https:\/\/www.icann.org\/resources\/pages\/approved-with-specs-2013-09-17-en<\/strong><\/a><\/p>\n\n\n\n<p><strong>Recursos&nbsp;ICANN<\/strong>:<\/p>\n\n\n\n<ul class=\"wp-block-list\">\n<li>Informaci\u00f3n\u00a0educativa:\u00a0<a href=\"https:\/\/www.icann.org\/resources\/pages\/educational-2012-02-25-en?form=MG0AV3\" target=\"_blank\" rel=\"noreferrer noopener\"><strong>https:\/\/www.icann.org\/resources\/pages\/educational-2012-02-25-en<\/strong><\/a><\/li>\n\n\n\n<li>Beneficios:\u00a0<a href=\"https:\/\/www.icann.org\/resources\/pages\/benefits-2013-09-16-en?form=MG0AV3\" target=\"_blank\" rel=\"noreferrer noopener\"><strong>https:\/\/www.icann.org\/resources\/pages\/benefits-2013-09-16-en<\/strong><\/a><\/li>\n<\/ul>\n\n\n\n<p><strong>Whois&nbsp;de&nbsp;la&nbsp;ICANN<\/strong>:&nbsp;Puede&nbsp;acceder&nbsp;a&nbsp;la&nbsp;b\u00fasqueda&nbsp;de&nbsp;WHOIS&nbsp;de&nbsp;ICANN&nbsp;a&nbsp;trav\u00e9s&nbsp;de&nbsp;este&nbsp;enlace:&nbsp;<a href=\"https:\/\/lookup.icann.org\/?form=MG0AV3\" target=\"_blank\" rel=\"noreferrer noopener\"><strong>https:\/\/lookup.icann.org\/.<\/strong><\/a><\/p>\n\n\n\n<p><\/p>\n","protected":false},"excerpt":{"rendered":"<p>Al&nbsp;contratar&nbsp;un&nbsp;dominio&nbsp;con&nbsp;nosotros,&nbsp;est\u00e1 aceptando tambi\u00e9n el contrato ICANN. Su&nbsp;dominio&nbsp;ser\u00e1&nbsp;gestionado&nbsp;por&nbsp;el&nbsp;agente&nbsp;Soluciones&nbsp;Corporativas&nbsp;IP. Contrato&nbsp;ICANN:&nbsp;Para&nbsp;m\u00e1s&nbsp;detalles&nbsp;sobre&nbsp;las&nbsp;especificaciones&nbsp;del&nbsp;contrato,&nbsp;puede&nbsp;consultar&nbsp;el&nbsp;siguiente&nbsp;enlace:&nbsp;https:\/\/www.icann.org\/resources\/pages\/approved-with-specs-2013-09-17-en Recursos&nbsp;ICANN: Whois&nbsp;de&nbsp;la&nbsp;ICANN:&nbsp;Puede&nbsp;acceder&nbsp;a&nbsp;la&nbsp;b\u00fasqueda&nbsp;de&nbsp;WHOIS&nbsp;de&nbsp;ICANN&nbsp;a&nbsp;trav\u00e9s&nbsp;de&nbsp;este&nbsp;enlace:&nbsp;https:\/\/lookup.icann.org\/.<\/p>\n","protected":false},"author":1,"featured_media":0,"parent":0,"menu_order":0,"comment_status":"closed","ping_status":"closed","template":"","meta":{"site-sidebar-layout":"default","site-content-layout":"","ast-site-content-layout":"default","site-content-style":"default","site-sidebar-style":"default","ast-global-header-display":"","ast-banner-title-visibility":"","ast-main-header-display":"","ast-hfb-above-header-display":"","ast-hfb-below-header-display":"","ast-hfb-mobile-header-display":"","site-post-title":"","ast-breadcrumbs-content":"","ast-featured-img":"","footer-sml-layout":"","ast-disable-related-posts":"","theme-transparent-header-meta":"","adv-header-id-meta":"","stick-header-meta":"","header-above-stick-meta":"","header-main-stick-meta":"","header-below-stick-meta":"","astra-migrate-meta-layouts":"set","ast-page-background-enabled":"default","ast-page-background-meta":{"desktop":{"background-color":"","background-image":"","background-repeat":"repeat","background-position":"center center","background-size":"auto","background-attachment":"scroll","background-type":"","background-media":"","overlay-type":"","overlay-color":"","overlay-opacity":"","overlay-gradient":""},"tablet":{"background-color":"","background-image":"","background-repeat":"repeat","background-position":"center center","background-size":"auto","background-attachment":"scroll","background-type":"","background-media":"","overlay-type":"","overlay-color":"","overlay-opacity":"","overlay-gradient":""},"mobile":{"background-color":"","background-image":"","background-repeat":"repeat","background-position":"center center","background-size":"auto","background-attachment":"scroll","background-type":"","background-media":"","overlay-type":"","overlay-color":"","overlay-opacity":"","overlay-gradient":""}},"ast-content-background-meta":{"desktop":{"background-color":"var(--ast-global-color-5)","background-image":"","background-repeat":"repeat","background-position":"center center","background-size":"auto","background-attachment":"scroll","background-type":"","background-media":"","overlay-type":"","overlay-color":"","overlay-opacity":"","overlay-gradient":""},"tablet":{"background-color":"var(--ast-global-color-5)","background-image":"","background-repeat":"repeat","background-position":"center center","background-size":"auto","background-attachment":"scroll","background-type":"","background-media":"","overlay-type":"","overlay-color":"","overlay-opacity":"","overlay-gradient":""},"mobile":{"background-color":"var(--ast-global-color-5)","background-image":"","background-repeat":"repeat","background-position":"center center","background-size":"auto","background-attachment":"scroll","background-type":"","background-media":"","overlay-type":"","overlay-color":"","overlay-opacity":"","overlay-gradient":""}},"footnotes":""},"class_list":["post-214290","page","type-page","status-publish","hentry"],"yoast_head":"<!-- This site is optimized with the Yoast SEO Premium plugin v18.8 (Yoast SEO v27.3) - https:\/\/yoast.com\/product\/yoast-seo-premium-wordpress\/ -->\n<title>T\u00e9rminos y condiciones de la contrataci\u00f3n de dominios - Setnology<\/title>\n<meta name=\"robots\" content=\"index, follow, max-snippet:-1, max-image-preview:large, max-video-preview:-1\" \/>\n<link rel=\"canonical\" href=\"https:\/\/setnology.es\/index.php\/terminos-y-condiciones-de-la-contratacion-de-dominios\/\" \/>\n<meta property=\"og:locale\" content=\"es_ES\" \/>\n<meta property=\"og:type\" content=\"article\" \/>\n<meta property=\"og:title\" content=\"T\u00e9rminos y condiciones de la contrataci\u00f3n de dominios\" \/>\n<meta property=\"og:description\" content=\"Al&nbsp;contratar&nbsp;un&nbsp;dominio&nbsp;con&nbsp;nosotros,&nbsp;est\u00e1 aceptando tambi\u00e9n el contrato ICANN. Su&nbsp;dominio&nbsp;ser\u00e1&nbsp;gestionado&nbsp;por&nbsp;el&nbsp;agente&nbsp;Soluciones&nbsp;Corporativas&nbsp;IP. Contrato&nbsp;ICANN:&nbsp;Para&nbsp;m\u00e1s&nbsp;detalles&nbsp;sobre&nbsp;las&nbsp;especificaciones&nbsp;del&nbsp;contrato,&nbsp;puede&nbsp;consultar&nbsp;el&nbsp;siguiente&nbsp;enlace:&nbsp;https:\/\/www.icann.org\/resources\/pages\/approved-with-specs-2013-09-17-en Recursos&nbsp;ICANN: Whois&nbsp;de&nbsp;la&nbsp;ICANN:&nbsp;Puede&nbsp;acceder&nbsp;a&nbsp;la&nbsp;b\u00fasqueda&nbsp;de&nbsp;WHOIS&nbsp;de&nbsp;ICANN&nbsp;a&nbsp;trav\u00e9s&nbsp;de&nbsp;este&nbsp;enlace:&nbsp;https:\/\/lookup.icann.org\/.\" \/>\n<meta property=\"og:url\" content=\"https:\/\/setnology.es\/index.php\/terminos-y-condiciones-de-la-contratacion-de-dominios\/\" \/>\n<meta property=\"og:site_name\" content=\"Setnology\" \/>\n<meta property=\"article:modified_time\" content=\"2024-10-18T10:11:41+00:00\" \/>\n<meta name=\"twitter:card\" content=\"summary_large_image\" \/>\n<meta name=\"twitter:label1\" content=\"Tiempo de lectura\" \/>\n\t<meta name=\"twitter:data1\" content=\"1 minuto\" \/>\n<script type=\"application\/ld+json\" class=\"yoast-schema-graph\">{\"@context\":\"https:\\\/\\\/schema.org\",\"@graph\":[{\"@type\":\"WebPage\",\"@id\":\"https:\\\/\\\/setnology.es\\\/index.php\\\/terminos-y-condiciones-de-la-contratacion-de-dominios\\\/\",\"url\":\"https:\\\/\\\/setnology.es\\\/index.php\\\/terminos-y-condiciones-de-la-contratacion-de-dominios\\\/\",\"name\":\"T\u00e9rminos y condiciones de la contrataci\u00f3n de dominios - Setnology\",\"isPartOf\":{\"@id\":\"https:\\\/\\\/setnology.es\\\/#website\"},\"datePublished\":\"2024-10-18T10:11:38+00:00\",\"dateModified\":\"2024-10-18T10:11:41+00:00\",\"breadcrumb\":{\"@id\":\"https:\\\/\\\/setnology.es\\\/index.php\\\/terminos-y-condiciones-de-la-contratacion-de-dominios\\\/#breadcrumb\"},\"inLanguage\":\"es\",\"potentialAction\":[{\"@type\":\"ReadAction\",\"target\":[\"https:\\\/\\\/setnology.es\\\/index.php\\\/terminos-y-condiciones-de-la-contratacion-de-dominios\\\/\"]}]},{\"@type\":\"BreadcrumbList\",\"@id\":\"https:\\\/\\\/setnology.es\\\/index.php\\\/terminos-y-condiciones-de-la-contratacion-de-dominios\\\/#breadcrumb\",\"itemListElement\":[{\"@type\":\"ListItem\",\"position\":1,\"name\":\"Portada\",\"item\":\"https:\\\/\\\/setnology.es\\\/\"},{\"@type\":\"ListItem\",\"position\":2,\"name\":\"T\u00e9rminos y condiciones de la contrataci\u00f3n de dominios\"}]},{\"@type\":\"WebSite\",\"@id\":\"https:\\\/\\\/setnology.es\\\/#website\",\"url\":\"https:\\\/\\\/setnology.es\\\/\",\"name\":\"Setnology\",\"description\":\"Servicios de Expansi\u00f3n Tecnol\u00f3gica\",\"publisher\":{\"@id\":\"https:\\\/\\\/setnology.es\\\/#organization\"},\"potentialAction\":[{\"@type\":\"SearchAction\",\"target\":{\"@type\":\"EntryPoint\",\"urlTemplate\":\"https:\\\/\\\/setnology.es\\\/?s={search_term_string}\"},\"query-input\":{\"@type\":\"PropertyValueSpecification\",\"valueRequired\":true,\"valueName\":\"search_term_string\"}}],\"inLanguage\":\"es\"},{\"@type\":\"Organization\",\"@id\":\"https:\\\/\\\/setnology.es\\\/#organization\",\"name\":\"Setnology\",\"url\":\"https:\\\/\\\/setnology.es\\\/\",\"logo\":{\"@type\":\"ImageObject\",\"inLanguage\":\"es\",\"@id\":\"https:\\\/\\\/setnology.es\\\/#\\\/schema\\\/logo\\\/image\\\/\",\"url\":\"https:\\\/\\\/i0.wp.com\\\/setnology.es\\\/wp-content\\\/uploads\\\/2021\\\/10\\\/cropped-Logo-Blanco-1.png?fit=995%2C258&ssl=1\",\"contentUrl\":\"https:\\\/\\\/i0.wp.com\\\/setnology.es\\\/wp-content\\\/uploads\\\/2021\\\/10\\\/cropped-Logo-Blanco-1.png?fit=995%2C258&ssl=1\",\"width\":995,\"height\":258,\"caption\":\"Setnology\"},\"image\":{\"@id\":\"https:\\\/\\\/setnology.es\\\/#\\\/schema\\\/logo\\\/image\\\/\"}}]}<\/script>\n<!-- \/ Yoast SEO Premium plugin. -->","yoast_head_json":{"title":"T\u00e9rminos y condiciones de la contrataci\u00f3n de dominios - Setnology","robots":{"index":"index","follow":"follow","max-snippet":"max-snippet:-1","max-image-preview":"max-image-preview:large","max-video-preview":"max-video-preview:-1"},"canonical":"https:\/\/setnology.es\/index.php\/terminos-y-condiciones-de-la-contratacion-de-dominios\/","og_locale":"es_ES","og_type":"article","og_title":"T\u00e9rminos y condiciones de la contrataci\u00f3n de dominios","og_description":"Al&nbsp;contratar&nbsp;un&nbsp;dominio&nbsp;con&nbsp;nosotros,&nbsp;est\u00e1 aceptando tambi\u00e9n el contrato ICANN. Su&nbsp;dominio&nbsp;ser\u00e1&nbsp;gestionado&nbsp;por&nbsp;el&nbsp;agente&nbsp;Soluciones&nbsp;Corporativas&nbsp;IP. Contrato&nbsp;ICANN:&nbsp;Para&nbsp;m\u00e1s&nbsp;detalles&nbsp;sobre&nbsp;las&nbsp;especificaciones&nbsp;del&nbsp;contrato,&nbsp;puede&nbsp;consultar&nbsp;el&nbsp;siguiente&nbsp;enlace:&nbsp;https:\/\/www.icann.org\/resources\/pages\/approved-with-specs-2013-09-17-en Recursos&nbsp;ICANN: Whois&nbsp;de&nbsp;la&nbsp;ICANN:&nbsp;Puede&nbsp;acceder&nbsp;a&nbsp;la&nbsp;b\u00fasqueda&nbsp;de&nbsp;WHOIS&nbsp;de&nbsp;ICANN&nbsp;a&nbsp;trav\u00e9s&nbsp;de&nbsp;este&nbsp;enlace:&nbsp;https:\/\/lookup.icann.org\/.","og_url":"https:\/\/setnology.es\/index.php\/terminos-y-condiciones-de-la-contratacion-de-dominios\/","og_site_name":"Setnology","article_modified_time":"2024-10-18T10:11:41+00:00","twitter_card":"summary_large_image","twitter_misc":{"Tiempo de lectura":"1 minuto"},"schema":{"@context":"https:\/\/schema.org","@graph":[{"@type":"WebPage","@id":"https:\/\/setnology.es\/index.php\/terminos-y-condiciones-de-la-contratacion-de-dominios\/","url":"https:\/\/setnology.es\/index.php\/terminos-y-condiciones-de-la-contratacion-de-dominios\/","name":"T\u00e9rminos y condiciones de la contrataci\u00f3n de dominios - Setnology","isPartOf":{"@id":"https:\/\/setnology.es\/#website"},"datePublished":"2024-10-18T10:11:38+00:00","dateModified":"2024-10-18T10:11:41+00:00","breadcrumb":{"@id":"https:\/\/setnology.es\/index.php\/terminos-y-condiciones-de-la-contratacion-de-dominios\/#breadcrumb"},"inLanguage":"es","potentialAction":[{"@type":"ReadAction","target":["https:\/\/setnology.es\/index.php\/terminos-y-condiciones-de-la-contratacion-de-dominios\/"]}]},{"@type":"BreadcrumbList","@id":"https:\/\/setnology.es\/index.php\/terminos-y-condiciones-de-la-contratacion-de-dominios\/#breadcrumb","itemListElement":[{"@type":"ListItem","position":1,"name":"Portada","item":"https:\/\/setnology.es\/"},{"@type":"ListItem","position":2,"name":"T\u00e9rminos y condiciones de la contrataci\u00f3n de dominios"}]},{"@type":"WebSite","@id":"https:\/\/setnology.es\/#website","url":"https:\/\/setnology.es\/","name":"Setnology","description":"Servicios de Expansi\u00f3n Tecnol\u00f3gica","publisher":{"@id":"https:\/\/setnology.es\/#organization"},"potentialAction":[{"@type":"SearchAction","target":{"@type":"EntryPoint","urlTemplate":"https:\/\/setnology.es\/?s={search_term_string}"},"query-input":{"@type":"PropertyValueSpecification","valueRequired":true,"valueName":"search_term_string"}}],"inLanguage":"es"},{"@type":"Organization","@id":"https:\/\/setnology.es\/#organization","name":"Setnology","url":"https:\/\/setnology.es\/","logo":{"@type":"ImageObject","inLanguage":"es","@id":"https:\/\/setnology.es\/#\/schema\/logo\/image\/","url":"https:\/\/i0.wp.com\/setnology.es\/wp-content\/uploads\/2021\/10\/cropped-Logo-Blanco-1.png?fit=995%2C258&ssl=1","contentUrl":"https:\/\/i0.wp.com\/setnology.es\/wp-content\/uploads\/2021\/10\/cropped-Logo-Blanco-1.png?fit=995%2C258&ssl=1","width":995,"height":258,"caption":"Setnology"},"image":{"@id":"https:\/\/setnology.es\/#\/schema\/logo\/image\/"}}]}},"jetpack_sharing_enabled":true,"_links":{"self":[{"href":"https:\/\/setnology.es\/index.php\/wp-json\/wp\/v2\/pages\/214290","targetHints":{"allow":["GET"]}}],"collection":[{"href":"https:\/\/setnology.es\/index.php\/wp-json\/wp\/v2\/pages"}],"about":[{"href":"https:\/\/setnology.es\/index.php\/wp-json\/wp\/v2\/types\/page"}],"author":[{"embeddable":true,"href":"https:\/\/setnology.es\/index.php\/wp-json\/wp\/v2\/users\/1"}],"replies":[{"embeddable":true,"href":"https:\/\/setnology.es\/index.php\/wp-json\/wp\/v2\/comments?post=214290"}],"version-history":[{"count":1,"href":"https:\/\/setnology.es\/index.php\/wp-json\/wp\/v2\/pages\/214290\/revisions"}],"predecessor-version":[{"id":214291,"href":"https:\/\/setnology.es\/index.php\/wp-json\/wp\/v2\/pages\/214290\/revisions\/214291"}],"wp:attachment":[{"href":"https:\/\/setnology.es\/index.php\/wp-json\/wp\/v2\/media?parent=214290"}],"curies":[{"name":"wp","href":"https:\/\/api.w.org\/{rel}","templated":true}]}}