{"id":186574,"date":"2024-05-02T06:01:38","date_gmt":"2024-05-02T05:01:38","guid":{"rendered":"https:\/\/setnology.es\/index.php\/producto\/cherry-tecladoraton-inalambrico-ingles-dw3000-neg\/"},"modified":"2026-05-01T17:10:31","modified_gmt":"2026-05-01T16:10:31","slug":"cherry-tecladoraton-inalambrico-ingles-dw3000-neg","status":"publish","type":"product","link":"https:\/\/setnology.es\/index.php\/producto\/cherry-tecladoraton-inalambrico-ingles-dw3000-neg\/","title":{"rendered":"Cherry Teclado+Rat\u00f3n Inal\u00e1mbrico Ingl\u00e9s DW3000 Neg"},"content":{"rendered":"<p style=\"text-align: left;\">\n<div>\tEl <strong>CHERRY DW 3000<\/strong> utiliza tecnolog&iacute;a CHERRY s&oacute;lida como una roca, con una excelente relaci&oacute;n precio \/ rendimiento.<\/p>\n<p>\tDise&ntilde;o moderno, con teclas planas resistentes al desgaste, suaves, tranquilas y duraderas. Universal, confiable y optimizado para el uso profesional.<\/p>\n<p>\t&#8211; Teclas de pulsaci&oacute;n silenciosa con leyendas l&aacute;ser resistentes<\/p><\/div>\n<div>\t&nbsp; al desgaste<br \/>\t&#8211; Teclado plano, inal&aacute;mbrico incluido el cursor y n&uacute;mero de pad<br \/>\t&#8211; Hasta 10 millones de pulsaciones<br \/>\t&#8211; 4 teclas de acceso r&aacute;pido (calculadora \/ correo electr&oacute;nico,&nbsp; de modo de<\/div>\n<div>\t&nbsp; navegador \/ sue&ntilde;o)<br \/>\t&#8211; Plug &amp; Play a trav&eacute;s de conexi&oacute;n USB<br \/>\t&#8211; Rat&oacute;n de 3 botones, tanto para la operaci&oacute;n de la mano izquierda y la<\/div>\n<div>\t&nbsp; mano derecha<br \/>\t&#8211; Tecnolog&iacute;a de sensor &oacute;ptico (1200 dpi)<br \/>\t&#8211; Visualizaci&oacute;n del estado de la bater&iacute;a en el teclado y el rat&oacute;n<br \/>\t&#8211; Tecnolog&iacute;a inal&aacute;mbrica de 2,4 GHz sin interferencias<\/div>\n<div>\t&nbsp; (alcance de hasta 10 metros)<br \/>\t&#8211; Funcionamiento de varios escritorios<\/div>\n<div>\t&nbsp; (capacidad multi-estaci&oacute;n)<br \/>\t&#8211; Nano receptor USB<br \/>\t&#8211; aprobaci&oacute;n GS<\/div>\n<p><\/p>\n<table class=\"tabla_caracteristicas\" width=\"100%\">\n<tbody>\n<tr>\n<td valign=\"top\" width=\"35%\">\t\t\t\t<b><font face=\"Tahoma, Arial, Helvetica, sans-serif\" style=\"font-size: 11px;\">Marca<\/font><\/b><\/td>\n<td valign=\"top\">\t\t\t\t<small><font face=\"Tahoma,Arial, Helvetica, sans-serif\" style=\"font-size: 11px\">Cherry<\/font><\/small><\/td>\n<\/tr>\n<tr>\n<td valign=\"top\" width=\"35%\">\t\t\t\t<b><font face=\"Tahoma, Arial, Helvetica, sans-serif\" style=\"font-size: 11px;\">Modelo<\/font><\/b><\/td>\n<td valign=\"top\">\t\t\t\t<font face=\"Tahoma, Arial, Helvetica, sans-serif\" style=\"font-size: 11px;\"><small><font face=\"Tahoma,Arial, Helvetica, sans-serif\" style=\"font-size: 11px\">JD-0700GB-2<\/font><\/small><\/font><\/td>\n<\/tr>\n<tr>\n<td valign=\"top\" width=\"35%\">\t\t\t\t<b><font face=\"Tahoma, Arial, Helvetica, sans-serif\" style=\"font-size: 11px;\">Tipo<\/font><\/b><\/td>\n<td valign=\"top\">\t\t\t\t<strong><font face=\"Tahoma, Arial, Helvetica, sans-serif\" style=\"font-size: 11px;\">Kit teclado y rat&oacute;n inal&aacute;mbrico <br \/>\t\t\t\t<\/font><\/strong><\/td>\n<\/tr>\n<tr>\n<td valign=\"top\" width=\"35%\">\t\t\t\t<b><font face=\"Tahoma, Arial, Helvetica, sans-serif\" style=\"font-size: 11px;\">Conexi&oacute;n<\/font><\/b><\/td>\n<td valign=\"top\">\t\t\t\t<font face=\"Tahoma, Arial, Helvetica, sans-serif\" style=\"font-size: 11px;\">Inal&aacute;mbrico 2.4GHz con receptor USB 2.0<\/font><\/td>\n<\/tr>\n<tr>\n<td valign=\"top\">\t\t\t\t<b><font face=\"Tahoma, Arial, Helvetica, sans-serif\" style=\"font-size: 11px;\">Otras Caracter&iacute;sticas<\/font><\/b><\/td>\n<td valign=\"top\">\t\t\t\t<font face=\"Tahoma, Arial, Helvetica, sans-serif\" style=\"font-size: 11px;\"><small><font face=\"Tahoma,Arial, Helvetica, sans-serif\" style=\"font-size: 11px\"><strong>Teclado<\/strong><br \/>\t\t\t\t&#8211; Frecuencia: 2.4GHz<br \/>\t\t\t\t&#8211; N&uacute;mero de Hotkeys: 4<br \/>\t\t\t\t<strong>Rat&oacute;n<\/strong><br \/>\t\t\t\t&#8211; Tipo: Wireless<br \/>\t\t\t\t&#8211; Tecnolog&iacute;a: Optico<br \/>\t\t\t\t&#8211; Mouse Scroll Wheel<br \/>\t\t\t\t&#8211; Resoluci&oacute;n: 1200dpi<br \/>\t\t\t\t&#8211; Frecuencia: 2.4GHz<br \/>\t\t\t\tCompliance<br \/>\t\t\t\t&#8211; Certificationes:<br \/>\t\t\t\t&nbsp; tick &acirc;&euro;&cent; UL &acirc;&euro;&cent; CE &acirc;&euro;&cent; FCC &acirc;&euro;&cent; T&Atilde;&oelig;V\/GS<br \/>\t\t\t\t&#8211; Condiciones ambientales: 0 a 50&ordm;<br \/>\t\t\t\tIncluye:<br \/>\t\t\t\t&nbsp; Instrucciones<br \/>\t\t\t\t&nbsp; 1 bater&iacute;a (type AA) <br \/>\t\t\t\t&nbsp; 1 rat&oacute;n &oacute;ptico inal&aacute;mbrico<br \/>\t\t\t\t&nbsp; 1 nano USB transmisor\/receptor<br \/>\t\t\t\t&nbsp; 1 bater&iacute;a (type AAA)&nbsp;<\/font><\/small> <br \/>\t\t\t\t<\/font><\/td>\n<\/tr>\n<tr>\n<td valign=\"top\">\t\t\t\t<b><small><font face=\"Tahoma, Arial, Helvetica, sans-serif\" style=\"font-size: 11px;\">Fecha Revisi&oacute;n<\/font><\/small><\/b><\/td>\n<td valign=\"top\">\t\t\t\t<font face=\"Tahoma, Arial, Helvetica, sans-serif\" style=\"font-size: 11px;\">26-05-2014 por FE4<\/font><\/td>\n<\/tr>\n<\/tbody>\n<\/table>\n<table class=\"tabla_caracteristicas\" width=\"100%\">\n<tbody>\t<\/tbody>\n<\/table>\n","protected":false},"excerpt":{"rendered":"<p>El CHERRY DW 3000 utiliza tecnolog&iacute;a CHERRY s&oacute;lida como una roca, con una excelente relaci&oacute;n precio \/ rendimiento. Dise&ntilde;o moderno, con teclas planas resistentes al desgaste, suaves, tranquilas y duraderas. Universal, confiable y optimizado para el uso profesional. &#8211; Teclas de pulsaci&oacute;n silenciosa con leyendas l&aacute;ser resistentes &nbsp; al desgaste &#8211; Teclado plano, inal&aacute;mbrico incluido [&hellip;]<\/p>\n","protected":false},"featured_media":92615,"template":"","meta":{"site-sidebar-layout":"default","site-content-layout":"","ast-site-content-layout":"default","site-content-style":"default","site-sidebar-style":"default","ast-global-header-display":"","ast-banner-title-visibility":"","ast-main-header-display":"","ast-hfb-above-header-display":"","ast-hfb-below-header-display":"","ast-hfb-mobile-header-display":"","site-post-title":"","ast-breadcrumbs-content":"","ast-featured-img":"","footer-sml-layout":"","ast-disable-related-posts":"","theme-transparent-header-meta":"","adv-header-id-meta":"","stick-header-meta":"","header-above-stick-meta":"","header-main-stick-meta":"","header-below-stick-meta":"","astra-migrate-meta-layouts":"default","ast-page-background-enabled":"default","ast-page-background-meta":{"desktop":{"background-color":"","background-image":"","background-repeat":"repeat","background-position":"center center","background-size":"auto","background-attachment":"scroll","background-type":"","background-media":"","overlay-type":"","overlay-color":"","overlay-opacity":"","overlay-gradient":""},"tablet":{"background-color":"","background-image":"","background-repeat":"repeat","background-position":"center center","background-size":"auto","background-attachment":"scroll","background-type":"","background-media":"","overlay-type":"","overlay-color":"","overlay-opacity":"","overlay-gradient":""},"mobile":{"background-color":"","background-image":"","background-repeat":"repeat","background-position":"center center","background-size":"auto","background-attachment":"scroll","background-type":"","background-media":"","overlay-type":"","overlay-color":"","overlay-opacity":"","overlay-gradient":""}},"ast-content-background-meta":{"desktop":{"background-color":"var(--ast-global-color-5)","background-image":"","background-repeat":"repeat","background-position":"center center","background-size":"auto","background-attachment":"scroll","background-type":"","background-media":"","overlay-type":"","overlay-color":"","overlay-opacity":"","overlay-gradient":""},"tablet":{"background-color":"var(--ast-global-color-5)","background-image":"","background-repeat":"repeat","background-position":"center center","background-size":"auto","background-attachment":"scroll","background-type":"","background-media":"","overlay-type":"","overlay-color":"","overlay-opacity":"","overlay-gradient":""},"mobile":{"background-color":"var(--ast-global-color-5)","background-image":"","background-repeat":"repeat","background-position":"center center","background-size":"auto","background-attachment":"scroll","background-type":"","background-media":"","overlay-type":"","overlay-color":"","overlay-opacity":"","overlay-gradient":""}}},"product_brand":[],"product_cat":[1484,1603,1602],"product_tag":[1442,795,821],"class_list":{"0":"post-186574","1":"product","2":"type-product","3":"status-publish","4":"has-post-thumbnail","6":"product_cat-dispositivos","7":"product_cat-teclado-mas-raton-teclados-y-ratones-dispositivos-dispositivos","8":"product_cat-teclados-y-ratones-dispositivos","9":"product_tag-1442","10":"product_tag-cherry","11":"product_tag-ctr","12":"desktop-align-left","13":"tablet-align-left","14":"mobile-align-left","16":"first","17":"instock","18":"taxable","19":"shipping-taxable","20":"purchasable","21":"product-type-simple"},"yoast_head":"<!-- This site is optimized with the Yoast SEO Premium plugin v18.8 (Yoast SEO v27.5) - https:\/\/yoast.com\/product\/yoast-seo-premium-wordpress\/ -->\n<title>Cherry Teclado+Rat\u00f3n Inal\u00e1mbrico Ingl\u00e9s DW3000 Neg - Setnology<\/title>\n<meta name=\"robots\" content=\"index, follow, max-snippet:-1, max-image-preview:large, max-video-preview:-1\" \/>\n<link rel=\"canonical\" href=\"https:\/\/setnology.es\/index.php\/producto\/cherry-tecladoraton-inalambrico-ingles-dw3000-neg\/\" \/>\n<meta property=\"og:locale\" content=\"es_ES\" \/>\n<meta property=\"og:type\" content=\"article\" \/>\n<meta property=\"og:title\" content=\"Cherry Teclado+Rat\u00f3n Inal\u00e1mbrico Ingl\u00e9s DW3000 Neg\" \/>\n<meta property=\"og:description\" content=\"El CHERRY DW 3000 utiliza tecnolog&iacute;a CHERRY s&oacute;lida como una roca, con una excelente relaci&oacute;n precio \/ rendimiento. Dise&ntilde;o moderno, con teclas planas resistentes al desgaste, suaves, tranquilas y duraderas. Universal, confiable y optimizado para el uso profesional. &#8211; Teclas de pulsaci&oacute;n silenciosa con leyendas l&aacute;ser resistentes &nbsp; al desgaste &#8211; Teclado plano, inal&aacute;mbrico incluido [&hellip;]\" \/>\n<meta property=\"og:url\" content=\"https:\/\/setnology.es\/index.php\/producto\/cherry-tecladoraton-inalambrico-ingles-dw3000-neg\/\" \/>\n<meta property=\"og:site_name\" content=\"Setnology\" \/>\n<meta property=\"article:modified_time\" content=\"2026-05-01T16:10:31+00:00\" \/>\n<meta property=\"og:image\" content=\"https:\/\/i0.wp.com\/setnology.es\/wp-content\/uploads\/2022\/08\/FTRCTR0092_800.jpg?fit=800%2C800&ssl=1\" \/>\n\t<meta property=\"og:image:width\" content=\"800\" \/>\n\t<meta property=\"og:image:height\" content=\"800\" \/>\n\t<meta property=\"og:image:type\" content=\"image\/jpeg\" \/>\n<meta name=\"twitter:card\" content=\"summary_large_image\" \/>\n<meta name=\"twitter:label1\" content=\"Tiempo de lectura\" \/>\n\t<meta name=\"twitter:data1\" content=\"2 minutos\" \/>\n<script type=\"application\/ld+json\" class=\"yoast-schema-graph\">{\"@context\":\"https:\\\/\\\/schema.org\",\"@graph\":[{\"@type\":\"WebPage\",\"@id\":\"https:\\\/\\\/setnology.es\\\/index.php\\\/producto\\\/cherry-tecladoraton-inalambrico-ingles-dw3000-neg\\\/\",\"url\":\"https:\\\/\\\/setnology.es\\\/index.php\\\/producto\\\/cherry-tecladoraton-inalambrico-ingles-dw3000-neg\\\/\",\"name\":\"Cherry Teclado+Rat\u00f3n Inal\u00e1mbrico Ingl\u00e9s DW3000 Neg - Setnology\",\"isPartOf\":{\"@id\":\"https:\\\/\\\/setnology.es\\\/#website\"},\"primaryImageOfPage\":{\"@id\":\"https:\\\/\\\/setnology.es\\\/index.php\\\/producto\\\/cherry-tecladoraton-inalambrico-ingles-dw3000-neg\\\/#primaryimage\"},\"image\":{\"@id\":\"https:\\\/\\\/setnology.es\\\/index.php\\\/producto\\\/cherry-tecladoraton-inalambrico-ingles-dw3000-neg\\\/#primaryimage\"},\"thumbnailUrl\":\"https:\\\/\\\/i0.wp.com\\\/setnology.es\\\/wp-content\\\/uploads\\\/2022\\\/08\\\/FTRCTR0092_800.jpg?fit=800%2C800&ssl=1\",\"datePublished\":\"2024-05-02T05:01:38+00:00\",\"dateModified\":\"2026-05-01T16:10:31+00:00\",\"breadcrumb\":{\"@id\":\"https:\\\/\\\/setnology.es\\\/index.php\\\/producto\\\/cherry-tecladoraton-inalambrico-ingles-dw3000-neg\\\/#breadcrumb\"},\"inLanguage\":\"es\",\"potentialAction\":[{\"@type\":\"ReadAction\",\"target\":[\"https:\\\/\\\/setnology.es\\\/index.php\\\/producto\\\/cherry-tecladoraton-inalambrico-ingles-dw3000-neg\\\/\"]}]},{\"@type\":\"ImageObject\",\"inLanguage\":\"es\",\"@id\":\"https:\\\/\\\/setnology.es\\\/index.php\\\/producto\\\/cherry-tecladoraton-inalambrico-ingles-dw3000-neg\\\/#primaryimage\",\"url\":\"https:\\\/\\\/i0.wp.com\\\/setnology.es\\\/wp-content\\\/uploads\\\/2022\\\/08\\\/FTRCTR0092_800.jpg?fit=800%2C800&ssl=1\",\"contentUrl\":\"https:\\\/\\\/i0.wp.com\\\/setnology.es\\\/wp-content\\\/uploads\\\/2022\\\/08\\\/FTRCTR0092_800.jpg?fit=800%2C800&ssl=1\",\"width\":800,\"height\":800,\"caption\":\"Teclado m\u00e1s rat\u00f3n\"},{\"@type\":\"BreadcrumbList\",\"@id\":\"https:\\\/\\\/setnology.es\\\/index.php\\\/producto\\\/cherry-tecladoraton-inalambrico-ingles-dw3000-neg\\\/#breadcrumb\",\"itemListElement\":[{\"@type\":\"ListItem\",\"position\":1,\"name\":\"Portada\",\"item\":\"https:\\\/\\\/setnology.es\\\/\"},{\"@type\":\"ListItem\",\"position\":2,\"name\":\"Tienda\",\"item\":\"https:\\\/\\\/setnology.es\\\/index.php\\\/tienda\\\/\"},{\"@type\":\"ListItem\",\"position\":3,\"name\":\"Cherry Teclado+Rat\u00f3n Inal\u00e1mbrico Ingl\u00e9s DW3000 Neg\"}]},{\"@type\":\"WebSite\",\"@id\":\"https:\\\/\\\/setnology.es\\\/#website\",\"url\":\"https:\\\/\\\/setnology.es\\\/\",\"name\":\"Setnology\",\"description\":\"Servicios de Expansi\u00f3n Tecnol\u00f3gica\",\"publisher\":{\"@id\":\"https:\\\/\\\/setnology.es\\\/#organization\"},\"potentialAction\":[{\"@type\":\"SearchAction\",\"target\":{\"@type\":\"EntryPoint\",\"urlTemplate\":\"https:\\\/\\\/setnology.es\\\/?s={search_term_string}\"},\"query-input\":{\"@type\":\"PropertyValueSpecification\",\"valueRequired\":true,\"valueName\":\"search_term_string\"}}],\"inLanguage\":\"es\"},{\"@type\":\"Organization\",\"@id\":\"https:\\\/\\\/setnology.es\\\/#organization\",\"name\":\"Setnology\",\"url\":\"https:\\\/\\\/setnology.es\\\/\",\"logo\":{\"@type\":\"ImageObject\",\"inLanguage\":\"es\",\"@id\":\"https:\\\/\\\/setnology.es\\\/#\\\/schema\\\/logo\\\/image\\\/\",\"url\":\"https:\\\/\\\/i0.wp.com\\\/setnology.es\\\/wp-content\\\/uploads\\\/2021\\\/10\\\/cropped-Logo-Blanco-1.png?fit=995%2C258&ssl=1\",\"contentUrl\":\"https:\\\/\\\/i0.wp.com\\\/setnology.es\\\/wp-content\\\/uploads\\\/2021\\\/10\\\/cropped-Logo-Blanco-1.png?fit=995%2C258&ssl=1\",\"width\":995,\"height\":258,\"caption\":\"Setnology\"},\"image\":{\"@id\":\"https:\\\/\\\/setnology.es\\\/#\\\/schema\\\/logo\\\/image\\\/\"}}]}<\/script>\n<!-- \/ Yoast SEO Premium plugin. -->","yoast_head_json":{"title":"Cherry Teclado+Rat\u00f3n Inal\u00e1mbrico Ingl\u00e9s DW3000 Neg - Setnology","robots":{"index":"index","follow":"follow","max-snippet":"max-snippet:-1","max-image-preview":"max-image-preview:large","max-video-preview":"max-video-preview:-1"},"canonical":"https:\/\/setnology.es\/index.php\/producto\/cherry-tecladoraton-inalambrico-ingles-dw3000-neg\/","og_locale":"es_ES","og_type":"article","og_title":"Cherry Teclado+Rat\u00f3n Inal\u00e1mbrico Ingl\u00e9s DW3000 Neg","og_description":"El CHERRY DW 3000 utiliza tecnolog&iacute;a CHERRY s&oacute;lida como una roca, con una excelente relaci&oacute;n precio \/ rendimiento. Dise&ntilde;o moderno, con teclas planas resistentes al desgaste, suaves, tranquilas y duraderas. Universal, confiable y optimizado para el uso profesional. &#8211; Teclas de pulsaci&oacute;n silenciosa con leyendas l&aacute;ser resistentes &nbsp; al desgaste &#8211; Teclado plano, inal&aacute;mbrico incluido [&hellip;]","og_url":"https:\/\/setnology.es\/index.php\/producto\/cherry-tecladoraton-inalambrico-ingles-dw3000-neg\/","og_site_name":"Setnology","article_modified_time":"2026-05-01T16:10:31+00:00","og_image":[{"width":800,"height":800,"url":"https:\/\/i0.wp.com\/setnology.es\/wp-content\/uploads\/2022\/08\/FTRCTR0092_800.jpg?fit=800%2C800&ssl=1","type":"image\/jpeg"}],"twitter_card":"summary_large_image","twitter_misc":{"Tiempo de lectura":"2 minutos"},"schema":{"@context":"https:\/\/schema.org","@graph":[{"@type":"WebPage","@id":"https:\/\/setnology.es\/index.php\/producto\/cherry-tecladoraton-inalambrico-ingles-dw3000-neg\/","url":"https:\/\/setnology.es\/index.php\/producto\/cherry-tecladoraton-inalambrico-ingles-dw3000-neg\/","name":"Cherry Teclado+Rat\u00f3n Inal\u00e1mbrico Ingl\u00e9s DW3000 Neg - Setnology","isPartOf":{"@id":"https:\/\/setnology.es\/#website"},"primaryImageOfPage":{"@id":"https:\/\/setnology.es\/index.php\/producto\/cherry-tecladoraton-inalambrico-ingles-dw3000-neg\/#primaryimage"},"image":{"@id":"https:\/\/setnology.es\/index.php\/producto\/cherry-tecladoraton-inalambrico-ingles-dw3000-neg\/#primaryimage"},"thumbnailUrl":"https:\/\/i0.wp.com\/setnology.es\/wp-content\/uploads\/2022\/08\/FTRCTR0092_800.jpg?fit=800%2C800&ssl=1","datePublished":"2024-05-02T05:01:38+00:00","dateModified":"2026-05-01T16:10:31+00:00","breadcrumb":{"@id":"https:\/\/setnology.es\/index.php\/producto\/cherry-tecladoraton-inalambrico-ingles-dw3000-neg\/#breadcrumb"},"inLanguage":"es","potentialAction":[{"@type":"ReadAction","target":["https:\/\/setnology.es\/index.php\/producto\/cherry-tecladoraton-inalambrico-ingles-dw3000-neg\/"]}]},{"@type":"ImageObject","inLanguage":"es","@id":"https:\/\/setnology.es\/index.php\/producto\/cherry-tecladoraton-inalambrico-ingles-dw3000-neg\/#primaryimage","url":"https:\/\/i0.wp.com\/setnology.es\/wp-content\/uploads\/2022\/08\/FTRCTR0092_800.jpg?fit=800%2C800&ssl=1","contentUrl":"https:\/\/i0.wp.com\/setnology.es\/wp-content\/uploads\/2022\/08\/FTRCTR0092_800.jpg?fit=800%2C800&ssl=1","width":800,"height":800,"caption":"Teclado m\u00e1s rat\u00f3n"},{"@type":"BreadcrumbList","@id":"https:\/\/setnology.es\/index.php\/producto\/cherry-tecladoraton-inalambrico-ingles-dw3000-neg\/#breadcrumb","itemListElement":[{"@type":"ListItem","position":1,"name":"Portada","item":"https:\/\/setnology.es\/"},{"@type":"ListItem","position":2,"name":"Tienda","item":"https:\/\/setnology.es\/index.php\/tienda\/"},{"@type":"ListItem","position":3,"name":"Cherry Teclado+Rat\u00f3n Inal\u00e1mbrico Ingl\u00e9s DW3000 Neg"}]},{"@type":"WebSite","@id":"https:\/\/setnology.es\/#website","url":"https:\/\/setnology.es\/","name":"Setnology","description":"Servicios de Expansi\u00f3n Tecnol\u00f3gica","publisher":{"@id":"https:\/\/setnology.es\/#organization"},"potentialAction":[{"@type":"SearchAction","target":{"@type":"EntryPoint","urlTemplate":"https:\/\/setnology.es\/?s={search_term_string}"},"query-input":{"@type":"PropertyValueSpecification","valueRequired":true,"valueName":"search_term_string"}}],"inLanguage":"es"},{"@type":"Organization","@id":"https:\/\/setnology.es\/#organization","name":"Setnology","url":"https:\/\/setnology.es\/","logo":{"@type":"ImageObject","inLanguage":"es","@id":"https:\/\/setnology.es\/#\/schema\/logo\/image\/","url":"https:\/\/i0.wp.com\/setnology.es\/wp-content\/uploads\/2021\/10\/cropped-Logo-Blanco-1.png?fit=995%2C258&ssl=1","contentUrl":"https:\/\/i0.wp.com\/setnology.es\/wp-content\/uploads\/2021\/10\/cropped-Logo-Blanco-1.png?fit=995%2C258&ssl=1","width":995,"height":258,"caption":"Setnology"},"image":{"@id":"https:\/\/setnology.es\/#\/schema\/logo\/image\/"}}]}},"jetpack_sharing_enabled":true,"_links":{"self":[{"href":"https:\/\/setnology.es\/index.php\/wp-json\/wp\/v2\/product\/186574","targetHints":{"allow":["GET"]}}],"collection":[{"href":"https:\/\/setnology.es\/index.php\/wp-json\/wp\/v2\/product"}],"about":[{"href":"https:\/\/setnology.es\/index.php\/wp-json\/wp\/v2\/types\/product"}],"version-history":[{"count":2,"href":"https:\/\/setnology.es\/index.php\/wp-json\/wp\/v2\/product\/186574\/revisions"}],"predecessor-version":[{"id":263943,"href":"https:\/\/setnology.es\/index.php\/wp-json\/wp\/v2\/product\/186574\/revisions\/263943"}],"wp:featuredmedia":[{"embeddable":true,"href":"https:\/\/setnology.es\/index.php\/wp-json\/wp\/v2\/media\/92615"}],"wp:attachment":[{"href":"https:\/\/setnology.es\/index.php\/wp-json\/wp\/v2\/media?parent=186574"}],"wp:term":[{"taxonomy":"product_brand","embeddable":true,"href":"https:\/\/setnology.es\/index.php\/wp-json\/wp\/v2\/product_brand?post=186574"},{"taxonomy":"product_cat","embeddable":true,"href":"https:\/\/setnology.es\/index.php\/wp-json\/wp\/v2\/product_cat?post=186574"},{"taxonomy":"product_tag","embeddable":true,"href":"https:\/\/setnology.es\/index.php\/wp-json\/wp\/v2\/product_tag?post=186574"}],"curies":[{"name":"wp","href":"https:\/\/api.w.org\/{rel}","templated":true}]}}