{"id":203867,"date":"2024-05-31T00:12:17","date_gmt":"2024-05-30T22:12:17","guid":{"rendered":"https:\/\/setnology.es\/?post_type=product&#038;p=203867"},"modified":"2024-11-24T00:00:06","modified_gmt":"2024-11-23T23:00:06","slug":"te-creamos-tu-web","status":"publish","type":"product","link":"https:\/\/setnology.es\/index.php\/producto\/te-creamos-tu-web\/","title":{"rendered":"Te creamos tu web"},"content":{"rendered":"","protected":false},"excerpt":{"rendered":"<p>Estos son los 4 paquetes que tenemos con los cuales ahorraras hasta un 20% a si lo contratas por separado:<\/p>\n<p><strong>LiteWeb<\/strong>: Ideal si prefieres tener el control sobre la gesti\u00f3n del contenido de tu sitio web. Nosotros nos encargamos de la instalaci\u00f3n y configuraci\u00f3n inicial, y t\u00fa te concentras en lo m\u00e1s importante: tu contenido.<\/p>\n<p><strong>PlusDesign<\/strong>: Perfecto para aquellos que desean entregar su contenido y olvidarse del resto. Proporciona tu material y nosotros nos ocupamos de integrarlo de manera profesional y atractiva.<\/p>\n<p><strong>ProShop<\/strong>: Si tu objetivo es vender en l\u00ednea, este paquete es para ti. A\u00f1ade una tienda a tu sitio web y empieza a comercializar tus productos o servicios de forma eficiente.<\/p>\n<p><strong>MaxCustom<\/strong>: Para los que buscan una identidad \u00fanica en la web, ofrecemos un dise\u00f1o personalizado. Trabajaremos contigo para crear un sitio que refleje la esencia de tu marca.<\/p>\n<p>Recuerda, invertir en el paquete correcto puede significar un ahorro significativo a largo plazo. Considera tus necesidades actuales y futuras para tomar la mejor decisi\u00f3n.<\/p>\n<p>Selecciona el paquete a contratar:<\/p>\n","protected":false},"featured_media":203868,"template":"","meta":{"site-sidebar-layout":"default","site-content-layout":"","ast-site-content-layout":"default","site-content-style":"default","site-sidebar-style":"default","ast-global-header-display":"","ast-banner-title-visibility":"","ast-main-header-display":"","ast-hfb-above-header-display":"","ast-hfb-below-header-display":"","ast-hfb-mobile-header-display":"","site-post-title":"","ast-breadcrumbs-content":"","ast-featured-img":"","footer-sml-layout":"","ast-disable-related-posts":"","theme-transparent-header-meta":"default","adv-header-id-meta":"","stick-header-meta":"","header-above-stick-meta":"","header-main-stick-meta":"","header-below-stick-meta":"","astra-migrate-meta-layouts":"set","ast-page-background-enabled":"default","ast-page-background-meta":{"desktop":{"background-color":"","background-image":"","background-repeat":"repeat","background-position":"center center","background-size":"auto","background-attachment":"scroll","background-type":"","background-media":"","overlay-type":"","overlay-color":"","overlay-opacity":"","overlay-gradient":""},"tablet":{"background-color":"","background-image":"","background-repeat":"repeat","background-position":"center center","background-size":"auto","background-attachment":"scroll","background-type":"","background-media":"","overlay-type":"","overlay-color":"","overlay-opacity":"","overlay-gradient":""},"mobile":{"background-color":"","background-image":"","background-repeat":"repeat","background-position":"center center","background-size":"auto","background-attachment":"scroll","background-type":"","background-media":"","overlay-type":"","overlay-color":"","overlay-opacity":"","overlay-gradient":""}},"ast-content-background-meta":{"desktop":{"background-color":"var(--ast-global-color-5)","background-image":"","background-repeat":"repeat","background-position":"center center","background-size":"auto","background-attachment":"scroll","background-type":"","background-media":"","overlay-type":"","overlay-color":"","overlay-opacity":"","overlay-gradient":""},"tablet":{"background-color":"var(--ast-global-color-5)","background-image":"","background-repeat":"repeat","background-position":"center center","background-size":"auto","background-attachment":"scroll","background-type":"","background-media":"","overlay-type":"","overlay-color":"","overlay-opacity":"","overlay-gradient":""},"mobile":{"background-color":"var(--ast-global-color-5)","background-image":"","background-repeat":"repeat","background-position":"center center","background-size":"auto","background-attachment":"scroll","background-type":"","background-media":"","overlay-type":"","overlay-color":"","overlay-opacity":"","overlay-gradient":""}}},"product_brand":[],"product_cat":[167,1484,166],"product_tag":[],"class_list":{"0":"post-203867","1":"product","2":"type-product","3":"status-publish","4":"has-post-thumbnail","6":"product_cat-crear-pagina-web","7":"product_cat-dispositivos","8":"product_cat-paginas-web","9":"desktop-align-left","10":"tablet-align-left","11":"mobile-align-left","13":"first","14":"instock","15":"taxable","16":"shipping-taxable","17":"purchasable","18":"product-type-variable"},"yoast_head":"<!-- This site is optimized with the Yoast SEO Premium plugin v18.8 (Yoast SEO v27.5) - https:\/\/yoast.com\/product\/yoast-seo-premium-wordpress\/ -->\n<title>Te creamos tu web - Setnology<\/title>\n<meta name=\"robots\" content=\"index, follow, max-snippet:-1, max-image-preview:large, max-video-preview:-1\" \/>\n<link rel=\"canonical\" href=\"https:\/\/setnology.es\/index.php\/producto\/te-creamos-tu-web\/\" \/>\n<meta property=\"og:locale\" content=\"es_ES\" \/>\n<meta property=\"og:type\" content=\"article\" \/>\n<meta property=\"og:title\" content=\"Te creamos tu web\" \/>\n<meta property=\"og:description\" content=\"Estos son los 4 paquetes que tenemos con los cuales ahorraras hasta un 20% a si lo contratas por separado:  LiteWeb: Ideal si prefieres tener el control sobre la gesti\u00f3n del contenido de tu sitio web. Nosotros nos encargamos de la instalaci\u00f3n y configuraci\u00f3n inicial, y t\u00fa te concentras en lo m\u00e1s importante: tu contenido.  PlusDesign: Perfecto para aquellos que desean entregar su contenido y olvidarse del resto. Proporciona tu material y nosotros nos ocupamos de integrarlo de manera profesional y atractiva.  ProShop: Si tu objetivo es vender en l\u00ednea, este paquete es para ti. A\u00f1ade una tienda a tu sitio web y empieza a comercializar tus productos o servicios de forma eficiente.  MaxCustom: Para los que buscan una identidad \u00fanica en la web, ofrecemos un dise\u00f1o personalizado. Trabajaremos contigo para crear un sitio que refleje la esencia de tu marca.  Recuerda, invertir en el paquete correcto puede significar un ahorro significativo a largo plazo. Considera tus necesidades actuales y futuras para tomar la mejor decisi\u00f3n.  Selecciona el paquete a contratar:\" \/>\n<meta property=\"og:url\" content=\"https:\/\/setnology.es\/index.php\/producto\/te-creamos-tu-web\/\" \/>\n<meta property=\"og:site_name\" content=\"Setnology\" \/>\n<meta property=\"article:modified_time\" content=\"2024-11-23T23:00:06+00:00\" \/>\n<meta property=\"og:image\" content=\"https:\/\/setnology.es\/wp-content\/uploads\/2024\/05\/32292061-3ebc-43b1-b49b-98340998463a.jpeg\" \/>\n\t<meta property=\"og:image:width\" content=\"1024\" \/>\n\t<meta property=\"og:image:height\" content=\"1024\" \/>\n\t<meta property=\"og:image:type\" content=\"image\/jpeg\" \/>\n<meta name=\"twitter:card\" content=\"summary_large_image\" \/>\n<meta name=\"twitter:label1\" content=\"Tiempo de lectura\" \/>\n\t<meta name=\"twitter:data1\" content=\"1 minuto\" \/>\n<script type=\"application\/ld+json\" class=\"yoast-schema-graph\">{\"@context\":\"https:\\\/\\\/schema.org\",\"@graph\":[{\"@type\":\"WebPage\",\"@id\":\"https:\\\/\\\/setnology.es\\\/index.php\\\/producto\\\/te-creamos-tu-web\\\/\",\"url\":\"https:\\\/\\\/setnology.es\\\/index.php\\\/producto\\\/te-creamos-tu-web\\\/\",\"name\":\"Te creamos tu web - Setnology\",\"isPartOf\":{\"@id\":\"https:\\\/\\\/setnology.es\\\/#website\"},\"primaryImageOfPage\":{\"@id\":\"https:\\\/\\\/setnology.es\\\/index.php\\\/producto\\\/te-creamos-tu-web\\\/#primaryimage\"},\"image\":{\"@id\":\"https:\\\/\\\/setnology.es\\\/index.php\\\/producto\\\/te-creamos-tu-web\\\/#primaryimage\"},\"thumbnailUrl\":\"https:\\\/\\\/i0.wp.com\\\/setnology.es\\\/wp-content\\\/uploads\\\/2024\\\/05\\\/32292061-3ebc-43b1-b49b-98340998463a.jpeg?fit=1024%2C1024&ssl=1\",\"datePublished\":\"2024-05-30T22:12:17+00:00\",\"dateModified\":\"2024-11-23T23:00:06+00:00\",\"breadcrumb\":{\"@id\":\"https:\\\/\\\/setnology.es\\\/index.php\\\/producto\\\/te-creamos-tu-web\\\/#breadcrumb\"},\"inLanguage\":\"es\",\"potentialAction\":[{\"@type\":\"ReadAction\",\"target\":[\"https:\\\/\\\/setnology.es\\\/index.php\\\/producto\\\/te-creamos-tu-web\\\/\"]}]},{\"@type\":\"ImageObject\",\"inLanguage\":\"es\",\"@id\":\"https:\\\/\\\/setnology.es\\\/index.php\\\/producto\\\/te-creamos-tu-web\\\/#primaryimage\",\"url\":\"https:\\\/\\\/i0.wp.com\\\/setnology.es\\\/wp-content\\\/uploads\\\/2024\\\/05\\\/32292061-3ebc-43b1-b49b-98340998463a.jpeg?fit=1024%2C1024&ssl=1\",\"contentUrl\":\"https:\\\/\\\/i0.wp.com\\\/setnology.es\\\/wp-content\\\/uploads\\\/2024\\\/05\\\/32292061-3ebc-43b1-b49b-98340998463a.jpeg?fit=1024%2C1024&ssl=1\",\"width\":1024,\"height\":1024},{\"@type\":\"BreadcrumbList\",\"@id\":\"https:\\\/\\\/setnology.es\\\/index.php\\\/producto\\\/te-creamos-tu-web\\\/#breadcrumb\",\"itemListElement\":[{\"@type\":\"ListItem\",\"position\":1,\"name\":\"Portada\",\"item\":\"https:\\\/\\\/setnology.es\\\/\"},{\"@type\":\"ListItem\",\"position\":2,\"name\":\"Tienda\",\"item\":\"https:\\\/\\\/setnology.es\\\/index.php\\\/tienda\\\/\"},{\"@type\":\"ListItem\",\"position\":3,\"name\":\"Te creamos tu web\"}]},{\"@type\":\"WebSite\",\"@id\":\"https:\\\/\\\/setnology.es\\\/#website\",\"url\":\"https:\\\/\\\/setnology.es\\\/\",\"name\":\"Setnology\",\"description\":\"Servicios de Expansi\u00f3n Tecnol\u00f3gica\",\"publisher\":{\"@id\":\"https:\\\/\\\/setnology.es\\\/#organization\"},\"potentialAction\":[{\"@type\":\"SearchAction\",\"target\":{\"@type\":\"EntryPoint\",\"urlTemplate\":\"https:\\\/\\\/setnology.es\\\/?s={search_term_string}\"},\"query-input\":{\"@type\":\"PropertyValueSpecification\",\"valueRequired\":true,\"valueName\":\"search_term_string\"}}],\"inLanguage\":\"es\"},{\"@type\":\"Organization\",\"@id\":\"https:\\\/\\\/setnology.es\\\/#organization\",\"name\":\"Setnology\",\"url\":\"https:\\\/\\\/setnology.es\\\/\",\"logo\":{\"@type\":\"ImageObject\",\"inLanguage\":\"es\",\"@id\":\"https:\\\/\\\/setnology.es\\\/#\\\/schema\\\/logo\\\/image\\\/\",\"url\":\"https:\\\/\\\/i0.wp.com\\\/setnology.es\\\/wp-content\\\/uploads\\\/2021\\\/10\\\/cropped-Logo-Blanco-1.png?fit=995%2C258&ssl=1\",\"contentUrl\":\"https:\\\/\\\/i0.wp.com\\\/setnology.es\\\/wp-content\\\/uploads\\\/2021\\\/10\\\/cropped-Logo-Blanco-1.png?fit=995%2C258&ssl=1\",\"width\":995,\"height\":258,\"caption\":\"Setnology\"},\"image\":{\"@id\":\"https:\\\/\\\/setnology.es\\\/#\\\/schema\\\/logo\\\/image\\\/\"}}]}<\/script>\n<!-- \/ Yoast SEO Premium plugin. -->","yoast_head_json":{"title":"Te creamos tu web - Setnology","robots":{"index":"index","follow":"follow","max-snippet":"max-snippet:-1","max-image-preview":"max-image-preview:large","max-video-preview":"max-video-preview:-1"},"canonical":"https:\/\/setnology.es\/index.php\/producto\/te-creamos-tu-web\/","og_locale":"es_ES","og_type":"article","og_title":"Te creamos tu web","og_description":"Estos son los 4 paquetes que tenemos con los cuales ahorraras hasta un 20% a si lo contratas por separado:  LiteWeb: Ideal si prefieres tener el control sobre la gesti\u00f3n del contenido de tu sitio web. Nosotros nos encargamos de la instalaci\u00f3n y configuraci\u00f3n inicial, y t\u00fa te concentras en lo m\u00e1s importante: tu contenido.  PlusDesign: Perfecto para aquellos que desean entregar su contenido y olvidarse del resto. Proporciona tu material y nosotros nos ocupamos de integrarlo de manera profesional y atractiva.  ProShop: Si tu objetivo es vender en l\u00ednea, este paquete es para ti. A\u00f1ade una tienda a tu sitio web y empieza a comercializar tus productos o servicios de forma eficiente.  MaxCustom: Para los que buscan una identidad \u00fanica en la web, ofrecemos un dise\u00f1o personalizado. Trabajaremos contigo para crear un sitio que refleje la esencia de tu marca.  Recuerda, invertir en el paquete correcto puede significar un ahorro significativo a largo plazo. Considera tus necesidades actuales y futuras para tomar la mejor decisi\u00f3n.  Selecciona el paquete a contratar:","og_url":"https:\/\/setnology.es\/index.php\/producto\/te-creamos-tu-web\/","og_site_name":"Setnology","article_modified_time":"2024-11-23T23:00:06+00:00","og_image":[{"width":1024,"height":1024,"url":"https:\/\/setnology.es\/wp-content\/uploads\/2024\/05\/32292061-3ebc-43b1-b49b-98340998463a.jpeg","type":"image\/jpeg"}],"twitter_card":"summary_large_image","twitter_misc":{"Tiempo de lectura":"1 minuto"},"schema":{"@context":"https:\/\/schema.org","@graph":[{"@type":"WebPage","@id":"https:\/\/setnology.es\/index.php\/producto\/te-creamos-tu-web\/","url":"https:\/\/setnology.es\/index.php\/producto\/te-creamos-tu-web\/","name":"Te creamos tu web - Setnology","isPartOf":{"@id":"https:\/\/setnology.es\/#website"},"primaryImageOfPage":{"@id":"https:\/\/setnology.es\/index.php\/producto\/te-creamos-tu-web\/#primaryimage"},"image":{"@id":"https:\/\/setnology.es\/index.php\/producto\/te-creamos-tu-web\/#primaryimage"},"thumbnailUrl":"https:\/\/i0.wp.com\/setnology.es\/wp-content\/uploads\/2024\/05\/32292061-3ebc-43b1-b49b-98340998463a.jpeg?fit=1024%2C1024&ssl=1","datePublished":"2024-05-30T22:12:17+00:00","dateModified":"2024-11-23T23:00:06+00:00","breadcrumb":{"@id":"https:\/\/setnology.es\/index.php\/producto\/te-creamos-tu-web\/#breadcrumb"},"inLanguage":"es","potentialAction":[{"@type":"ReadAction","target":["https:\/\/setnology.es\/index.php\/producto\/te-creamos-tu-web\/"]}]},{"@type":"ImageObject","inLanguage":"es","@id":"https:\/\/setnology.es\/index.php\/producto\/te-creamos-tu-web\/#primaryimage","url":"https:\/\/i0.wp.com\/setnology.es\/wp-content\/uploads\/2024\/05\/32292061-3ebc-43b1-b49b-98340998463a.jpeg?fit=1024%2C1024&ssl=1","contentUrl":"https:\/\/i0.wp.com\/setnology.es\/wp-content\/uploads\/2024\/05\/32292061-3ebc-43b1-b49b-98340998463a.jpeg?fit=1024%2C1024&ssl=1","width":1024,"height":1024},{"@type":"BreadcrumbList","@id":"https:\/\/setnology.es\/index.php\/producto\/te-creamos-tu-web\/#breadcrumb","itemListElement":[{"@type":"ListItem","position":1,"name":"Portada","item":"https:\/\/setnology.es\/"},{"@type":"ListItem","position":2,"name":"Tienda","item":"https:\/\/setnology.es\/index.php\/tienda\/"},{"@type":"ListItem","position":3,"name":"Te creamos tu web"}]},{"@type":"WebSite","@id":"https:\/\/setnology.es\/#website","url":"https:\/\/setnology.es\/","name":"Setnology","description":"Servicios de Expansi\u00f3n Tecnol\u00f3gica","publisher":{"@id":"https:\/\/setnology.es\/#organization"},"potentialAction":[{"@type":"SearchAction","target":{"@type":"EntryPoint","urlTemplate":"https:\/\/setnology.es\/?s={search_term_string}"},"query-input":{"@type":"PropertyValueSpecification","valueRequired":true,"valueName":"search_term_string"}}],"inLanguage":"es"},{"@type":"Organization","@id":"https:\/\/setnology.es\/#organization","name":"Setnology","url":"https:\/\/setnology.es\/","logo":{"@type":"ImageObject","inLanguage":"es","@id":"https:\/\/setnology.es\/#\/schema\/logo\/image\/","url":"https:\/\/i0.wp.com\/setnology.es\/wp-content\/uploads\/2021\/10\/cropped-Logo-Blanco-1.png?fit=995%2C258&ssl=1","contentUrl":"https:\/\/i0.wp.com\/setnology.es\/wp-content\/uploads\/2021\/10\/cropped-Logo-Blanco-1.png?fit=995%2C258&ssl=1","width":995,"height":258,"caption":"Setnology"},"image":{"@id":"https:\/\/setnology.es\/#\/schema\/logo\/image\/"}}]}},"jetpack_sharing_enabled":true,"_links":{"self":[{"href":"https:\/\/setnology.es\/index.php\/wp-json\/wp\/v2\/product\/203867","targetHints":{"allow":["GET"]}}],"collection":[{"href":"https:\/\/setnology.es\/index.php\/wp-json\/wp\/v2\/product"}],"about":[{"href":"https:\/\/setnology.es\/index.php\/wp-json\/wp\/v2\/types\/product"}],"version-history":[{"count":3,"href":"https:\/\/setnology.es\/index.php\/wp-json\/wp\/v2\/product\/203867\/revisions"}],"predecessor-version":[{"id":203875,"href":"https:\/\/setnology.es\/index.php\/wp-json\/wp\/v2\/product\/203867\/revisions\/203875"}],"wp:featuredmedia":[{"embeddable":true,"href":"https:\/\/setnology.es\/index.php\/wp-json\/wp\/v2\/media\/203868"}],"wp:attachment":[{"href":"https:\/\/setnology.es\/index.php\/wp-json\/wp\/v2\/media?parent=203867"}],"wp:term":[{"taxonomy":"product_brand","embeddable":true,"href":"https:\/\/setnology.es\/index.php\/wp-json\/wp\/v2\/product_brand?post=203867"},{"taxonomy":"product_cat","embeddable":true,"href":"https:\/\/setnology.es\/index.php\/wp-json\/wp\/v2\/product_cat?post=203867"},{"taxonomy":"product_tag","embeddable":true,"href":"https:\/\/setnology.es\/index.php\/wp-json\/wp\/v2\/product_tag?post=203867"}],"curies":[{"name":"wp","href":"https:\/\/api.w.org\/{rel}","templated":true}]}}