{"id":219132,"date":"2025-07-03T10:24:33","date_gmt":"2025-07-03T09:24:33","guid":{"rendered":"https:\/\/setnology.es\/index.php\/producto\/cherry-raton-inalambrico-optico-2400dpi\/"},"modified":"2026-04-04T18:10:49","modified_gmt":"2026-04-04T17:10:49","slug":"cherry-raton-inalambrico-optico-2400dpi","status":"publish","type":"product","link":"https:\/\/setnology.es\/index.php\/producto\/cherry-raton-inalambrico-optico-2400dpi\/","title":{"rendered":"CHERRY Rat\u00f3n inal\u00e1mbrico \u00f3ptico 2400dpi"},"content":{"rendered":"<p style=\"text-align: left;\"><\/p>\n<table class=\"tabla_caracteristicas\" width=\"100%\">\n<tr>\n<td valign=\"top\"><strong>Marca<\/strong><\/td>\n<td>CHERRY<\/td>\n<\/tr>\n<tr>\n<td valign=\"top\"><strong>Modelo<\/strong><\/td>\n<td><strong>JW-T0320<\/strong><\/td>\n<\/tr>\n<tr>\n<td valign=\"top\"><strong>Caracter&iacute;sticas<\/strong><\/td>\n<td>&#8211; Contacto: Infrarrojos<br \/>\t\t\t&#8211; Resoluci&oacute;n: 1000\/1600\/2400 dpi (reconvertible)<br \/>\t\t\t&#8211; N&uacute;mero de teclas: 6<br \/>\t\t\t&#8211; Modelo con rueda de rat&oacute;n: Rueda de desplazamiento con funci&oacute;n de tecla<br \/>\t\t\t&#8211; Formato: Sim&eacute;trico<br \/>\t\t\t&#8211; Conexi&oacute;n: Inal&aacute;mbrica<br \/>\t\t\t&#8211; Alcance de radiotransmisi&oacute;n: aprox. 10 m<br \/>\t\t\t&#8211; Rango de frecuencia: 2.400 GHz &#8211; 2.4835 GHz<br \/>\t\t\t&#8211; Consumo el&eacute;ctrico:<br \/>\t\t\t&nbsp; Rat&oacute;n: typ. 7 mA<br \/>\t\t\t&nbsp; Receptor: typ. 26 mA<br \/>\t\t\t<strong>Dimensiones y peso<\/strong><br \/>\t\t\t&#8211; Rat&oacute;n: 119,96 x 75,52 x 38,32 mm<br \/>\t\t\t&#8211; Receptor: 18 x 13,1 x 5,7 mm<br \/>\t\t\t&#8211; Rat&oacute;n: 126 g aprox.<br \/>\t\t\t&#8211; Receptor: 2 g aprox.<br \/>\t\t\t<strong>Contiene<\/strong><br \/>\t\t\t&#8211; CHERRY MW 2310 2.0<br \/>\t\t\t&#8211; 2 x&nbsp; pilas (tipo AA)<br \/>\t\t\t&#8211; Instrucciones de uso impresas<br \/>\t\t\t&#8211; 1 x nanorradiorreceptor USB<\/td>\n<\/tr>\n<tr>\n<td valign=\"top\"><strong>Fecha de revisi&oacute;n<\/strong><\/td>\n<td>20-02-2025 por RTY<\/td>\n<\/tr>\n<\/table>\n","protected":false},"excerpt":{"rendered":"<p>Marca CHERRY Modelo JW-T0320 Caracter&iacute;sticas &#8211; Contacto: Infrarrojos &#8211; Resoluci&oacute;n: 1000\/1600\/2400 dpi (reconvertible) &#8211; N&uacute;mero de teclas: 6 &#8211; Modelo con rueda de rat&oacute;n: Rueda de desplazamiento con funci&oacute;n de tecla &#8211; Formato: Sim&eacute;trico &#8211; Conexi&oacute;n: Inal&aacute;mbrica &#8211; Alcance de radiotransmisi&oacute;n: aprox. 10 m &#8211; Rango de frecuencia: 2.400 GHz &#8211; 2.4835 GHz &#8211; Consumo [&hellip;]<\/p>\n","protected":false},"featured_media":220480,"template":"","meta":{"site-sidebar-layout":"default","site-content-layout":"","ast-site-content-layout":"default","site-content-style":"default","site-sidebar-style":"default","ast-global-header-display":"","ast-banner-title-visibility":"","ast-main-header-display":"","ast-hfb-above-header-display":"","ast-hfb-below-header-display":"","ast-hfb-mobile-header-display":"","site-post-title":"","ast-breadcrumbs-content":"","ast-featured-img":"","footer-sml-layout":"","ast-disable-related-posts":"","theme-transparent-header-meta":"","adv-header-id-meta":"","stick-header-meta":"","header-above-stick-meta":"","header-main-stick-meta":"","header-below-stick-meta":"","astra-migrate-meta-layouts":"default","ast-page-background-enabled":"default","ast-page-background-meta":{"desktop":{"background-color":"","background-image":"","background-repeat":"repeat","background-position":"center center","background-size":"auto","background-attachment":"scroll","background-type":"","background-media":"","overlay-type":"","overlay-color":"","overlay-opacity":"","overlay-gradient":""},"tablet":{"background-color":"","background-image":"","background-repeat":"repeat","background-position":"center center","background-size":"auto","background-attachment":"scroll","background-type":"","background-media":"","overlay-type":"","overlay-color":"","overlay-opacity":"","overlay-gradient":""},"mobile":{"background-color":"","background-image":"","background-repeat":"repeat","background-position":"center center","background-size":"auto","background-attachment":"scroll","background-type":"","background-media":"","overlay-type":"","overlay-color":"","overlay-opacity":"","overlay-gradient":""}},"ast-content-background-meta":{"desktop":{"background-color":"var(--ast-global-color-5)","background-image":"","background-repeat":"repeat","background-position":"center center","background-size":"auto","background-attachment":"scroll","background-type":"","background-media":"","overlay-type":"","overlay-color":"","overlay-opacity":"","overlay-gradient":""},"tablet":{"background-color":"var(--ast-global-color-5)","background-image":"","background-repeat":"repeat","background-position":"center center","background-size":"auto","background-attachment":"scroll","background-type":"","background-media":"","overlay-type":"","overlay-color":"","overlay-opacity":"","overlay-gradient":""},"mobile":{"background-color":"var(--ast-global-color-5)","background-image":"","background-repeat":"repeat","background-position":"center center","background-size":"auto","background-attachment":"scroll","background-type":"","background-media":"","overlay-type":"","overlay-color":"","overlay-opacity":"","overlay-gradient":""}}},"product_brand":[],"product_cat":[1484,1605,1602],"product_tag":[1442,795,823],"class_list":{"0":"post-219132","1":"product","2":"type-product","3":"status-publish","4":"has-post-thumbnail","6":"product_cat-dispositivos","7":"product_cat-ratones-inalambricos-teclados-y-ratones-dispositivos","8":"product_cat-teclados-y-ratones-dispositivos","9":"product_tag-1442","10":"product_tag-cherry","11":"product_tag-rin","12":"desktop-align-left","13":"tablet-align-left","14":"mobile-align-left","16":"first","17":"instock","18":"taxable","19":"shipping-taxable","20":"purchasable","21":"product-type-simple"},"yoast_head":"<!-- This site is optimized with the Yoast SEO Premium plugin v18.8 (Yoast SEO v27.3) - https:\/\/yoast.com\/product\/yoast-seo-premium-wordpress\/ -->\n<title>CHERRY Rat\u00f3n inal\u00e1mbrico \u00f3ptico 2400dpi - Setnology<\/title>\n<meta name=\"robots\" content=\"index, follow, max-snippet:-1, max-image-preview:large, max-video-preview:-1\" \/>\n<link rel=\"canonical\" href=\"https:\/\/setnology.es\/index.php\/producto\/cherry-raton-inalambrico-optico-2400dpi\/\" \/>\n<meta property=\"og:locale\" content=\"es_ES\" \/>\n<meta property=\"og:type\" content=\"article\" \/>\n<meta property=\"og:title\" content=\"CHERRY Rat\u00f3n inal\u00e1mbrico \u00f3ptico 2400dpi\" \/>\n<meta property=\"og:description\" content=\"Marca CHERRY Modelo JW-T0320 Caracter&iacute;sticas &#8211; Contacto: Infrarrojos &#8211; Resoluci&oacute;n: 1000\/1600\/2400 dpi (reconvertible) &#8211; N&uacute;mero de teclas: 6 &#8211; Modelo con rueda de rat&oacute;n: Rueda de desplazamiento con funci&oacute;n de tecla &#8211; Formato: Sim&eacute;trico &#8211; Conexi&oacute;n: Inal&aacute;mbrica &#8211; Alcance de radiotransmisi&oacute;n: aprox. 10 m &#8211; Rango de frecuencia: 2.400 GHz &#8211; 2.4835 GHz &#8211; Consumo [&hellip;]\" \/>\n<meta property=\"og:url\" content=\"https:\/\/setnology.es\/index.php\/producto\/cherry-raton-inalambrico-optico-2400dpi\/\" \/>\n<meta property=\"og:site_name\" content=\"Setnology\" \/>\n<meta property=\"article:modified_time\" content=\"2026-04-04T17:10:49+00:00\" \/>\n<meta property=\"og:image\" content=\"https:\/\/i0.wp.com\/setnology.es\/wp-content\/uploads\/2025\/03\/FTRRIN0530_800.jpg?fit=800%2C800&ssl=1\" \/>\n\t<meta property=\"og:image:width\" content=\"800\" \/>\n\t<meta property=\"og:image:height\" content=\"800\" \/>\n\t<meta property=\"og:image:type\" content=\"image\/jpeg\" \/>\n<meta name=\"twitter:card\" content=\"summary_large_image\" \/>\n<meta name=\"twitter:label1\" content=\"Tiempo de lectura\" \/>\n\t<meta name=\"twitter:data1\" content=\"1 minuto\" \/>\n<script type=\"application\/ld+json\" class=\"yoast-schema-graph\">{\"@context\":\"https:\\\/\\\/schema.org\",\"@graph\":[{\"@type\":\"WebPage\",\"@id\":\"https:\\\/\\\/setnology.es\\\/index.php\\\/producto\\\/cherry-raton-inalambrico-optico-2400dpi\\\/\",\"url\":\"https:\\\/\\\/setnology.es\\\/index.php\\\/producto\\\/cherry-raton-inalambrico-optico-2400dpi\\\/\",\"name\":\"CHERRY Rat\u00f3n inal\u00e1mbrico \u00f3ptico 2400dpi - Setnology\",\"isPartOf\":{\"@id\":\"https:\\\/\\\/setnology.es\\\/#website\"},\"primaryImageOfPage\":{\"@id\":\"https:\\\/\\\/setnology.es\\\/index.php\\\/producto\\\/cherry-raton-inalambrico-optico-2400dpi\\\/#primaryimage\"},\"image\":{\"@id\":\"https:\\\/\\\/setnology.es\\\/index.php\\\/producto\\\/cherry-raton-inalambrico-optico-2400dpi\\\/#primaryimage\"},\"thumbnailUrl\":\"https:\\\/\\\/i0.wp.com\\\/setnology.es\\\/wp-content\\\/uploads\\\/2025\\\/03\\\/FTRRIN0530_800.jpg?fit=800%2C800&ssl=1\",\"datePublished\":\"2025-07-03T09:24:33+00:00\",\"dateModified\":\"2026-04-04T17:10:49+00:00\",\"breadcrumb\":{\"@id\":\"https:\\\/\\\/setnology.es\\\/index.php\\\/producto\\\/cherry-raton-inalambrico-optico-2400dpi\\\/#breadcrumb\"},\"inLanguage\":\"es\",\"potentialAction\":[{\"@type\":\"ReadAction\",\"target\":[\"https:\\\/\\\/setnology.es\\\/index.php\\\/producto\\\/cherry-raton-inalambrico-optico-2400dpi\\\/\"]}]},{\"@type\":\"ImageObject\",\"inLanguage\":\"es\",\"@id\":\"https:\\\/\\\/setnology.es\\\/index.php\\\/producto\\\/cherry-raton-inalambrico-optico-2400dpi\\\/#primaryimage\",\"url\":\"https:\\\/\\\/i0.wp.com\\\/setnology.es\\\/wp-content\\\/uploads\\\/2025\\\/03\\\/FTRRIN0530_800.jpg?fit=800%2C800&ssl=1\",\"contentUrl\":\"https:\\\/\\\/i0.wp.com\\\/setnology.es\\\/wp-content\\\/uploads\\\/2025\\\/03\\\/FTRRIN0530_800.jpg?fit=800%2C800&ssl=1\",\"width\":800,\"height\":800,\"caption\":\"Ratones inal\u00e1mbricos\"},{\"@type\":\"BreadcrumbList\",\"@id\":\"https:\\\/\\\/setnology.es\\\/index.php\\\/producto\\\/cherry-raton-inalambrico-optico-2400dpi\\\/#breadcrumb\",\"itemListElement\":[{\"@type\":\"ListItem\",\"position\":1,\"name\":\"Portada\",\"item\":\"https:\\\/\\\/setnology.es\\\/\"},{\"@type\":\"ListItem\",\"position\":2,\"name\":\"Tienda\",\"item\":\"https:\\\/\\\/setnology.es\\\/index.php\\\/tienda\\\/\"},{\"@type\":\"ListItem\",\"position\":3,\"name\":\"CHERRY Rat\u00f3n inal\u00e1mbrico \u00f3ptico 2400dpi\"}]},{\"@type\":\"WebSite\",\"@id\":\"https:\\\/\\\/setnology.es\\\/#website\",\"url\":\"https:\\\/\\\/setnology.es\\\/\",\"name\":\"Setnology\",\"description\":\"Servicios de Expansi\u00f3n Tecnol\u00f3gica\",\"publisher\":{\"@id\":\"https:\\\/\\\/setnology.es\\\/#organization\"},\"potentialAction\":[{\"@type\":\"SearchAction\",\"target\":{\"@type\":\"EntryPoint\",\"urlTemplate\":\"https:\\\/\\\/setnology.es\\\/?s={search_term_string}\"},\"query-input\":{\"@type\":\"PropertyValueSpecification\",\"valueRequired\":true,\"valueName\":\"search_term_string\"}}],\"inLanguage\":\"es\"},{\"@type\":\"Organization\",\"@id\":\"https:\\\/\\\/setnology.es\\\/#organization\",\"name\":\"Setnology\",\"url\":\"https:\\\/\\\/setnology.es\\\/\",\"logo\":{\"@type\":\"ImageObject\",\"inLanguage\":\"es\",\"@id\":\"https:\\\/\\\/setnology.es\\\/#\\\/schema\\\/logo\\\/image\\\/\",\"url\":\"https:\\\/\\\/i0.wp.com\\\/setnology.es\\\/wp-content\\\/uploads\\\/2021\\\/10\\\/cropped-Logo-Blanco-1.png?fit=995%2C258&ssl=1\",\"contentUrl\":\"https:\\\/\\\/i0.wp.com\\\/setnology.es\\\/wp-content\\\/uploads\\\/2021\\\/10\\\/cropped-Logo-Blanco-1.png?fit=995%2C258&ssl=1\",\"width\":995,\"height\":258,\"caption\":\"Setnology\"},\"image\":{\"@id\":\"https:\\\/\\\/setnology.es\\\/#\\\/schema\\\/logo\\\/image\\\/\"}}]}<\/script>\n<!-- \/ Yoast SEO Premium plugin. -->","yoast_head_json":{"title":"CHERRY Rat\u00f3n inal\u00e1mbrico \u00f3ptico 2400dpi - Setnology","robots":{"index":"index","follow":"follow","max-snippet":"max-snippet:-1","max-image-preview":"max-image-preview:large","max-video-preview":"max-video-preview:-1"},"canonical":"https:\/\/setnology.es\/index.php\/producto\/cherry-raton-inalambrico-optico-2400dpi\/","og_locale":"es_ES","og_type":"article","og_title":"CHERRY Rat\u00f3n inal\u00e1mbrico \u00f3ptico 2400dpi","og_description":"Marca CHERRY Modelo JW-T0320 Caracter&iacute;sticas &#8211; Contacto: Infrarrojos &#8211; Resoluci&oacute;n: 1000\/1600\/2400 dpi (reconvertible) &#8211; N&uacute;mero de teclas: 6 &#8211; Modelo con rueda de rat&oacute;n: Rueda de desplazamiento con funci&oacute;n de tecla &#8211; Formato: Sim&eacute;trico &#8211; Conexi&oacute;n: Inal&aacute;mbrica &#8211; Alcance de radiotransmisi&oacute;n: aprox. 10 m &#8211; Rango de frecuencia: 2.400 GHz &#8211; 2.4835 GHz &#8211; Consumo [&hellip;]","og_url":"https:\/\/setnology.es\/index.php\/producto\/cherry-raton-inalambrico-optico-2400dpi\/","og_site_name":"Setnology","article_modified_time":"2026-04-04T17:10:49+00:00","og_image":[{"width":800,"height":800,"url":"https:\/\/i0.wp.com\/setnology.es\/wp-content\/uploads\/2025\/03\/FTRRIN0530_800.jpg?fit=800%2C800&ssl=1","type":"image\/jpeg"}],"twitter_card":"summary_large_image","twitter_misc":{"Tiempo de lectura":"1 minuto"},"schema":{"@context":"https:\/\/schema.org","@graph":[{"@type":"WebPage","@id":"https:\/\/setnology.es\/index.php\/producto\/cherry-raton-inalambrico-optico-2400dpi\/","url":"https:\/\/setnology.es\/index.php\/producto\/cherry-raton-inalambrico-optico-2400dpi\/","name":"CHERRY Rat\u00f3n inal\u00e1mbrico \u00f3ptico 2400dpi - Setnology","isPartOf":{"@id":"https:\/\/setnology.es\/#website"},"primaryImageOfPage":{"@id":"https:\/\/setnology.es\/index.php\/producto\/cherry-raton-inalambrico-optico-2400dpi\/#primaryimage"},"image":{"@id":"https:\/\/setnology.es\/index.php\/producto\/cherry-raton-inalambrico-optico-2400dpi\/#primaryimage"},"thumbnailUrl":"https:\/\/i0.wp.com\/setnology.es\/wp-content\/uploads\/2025\/03\/FTRRIN0530_800.jpg?fit=800%2C800&ssl=1","datePublished":"2025-07-03T09:24:33+00:00","dateModified":"2026-04-04T17:10:49+00:00","breadcrumb":{"@id":"https:\/\/setnology.es\/index.php\/producto\/cherry-raton-inalambrico-optico-2400dpi\/#breadcrumb"},"inLanguage":"es","potentialAction":[{"@type":"ReadAction","target":["https:\/\/setnology.es\/index.php\/producto\/cherry-raton-inalambrico-optico-2400dpi\/"]}]},{"@type":"ImageObject","inLanguage":"es","@id":"https:\/\/setnology.es\/index.php\/producto\/cherry-raton-inalambrico-optico-2400dpi\/#primaryimage","url":"https:\/\/i0.wp.com\/setnology.es\/wp-content\/uploads\/2025\/03\/FTRRIN0530_800.jpg?fit=800%2C800&ssl=1","contentUrl":"https:\/\/i0.wp.com\/setnology.es\/wp-content\/uploads\/2025\/03\/FTRRIN0530_800.jpg?fit=800%2C800&ssl=1","width":800,"height":800,"caption":"Ratones inal\u00e1mbricos"},{"@type":"BreadcrumbList","@id":"https:\/\/setnology.es\/index.php\/producto\/cherry-raton-inalambrico-optico-2400dpi\/#breadcrumb","itemListElement":[{"@type":"ListItem","position":1,"name":"Portada","item":"https:\/\/setnology.es\/"},{"@type":"ListItem","position":2,"name":"Tienda","item":"https:\/\/setnology.es\/index.php\/tienda\/"},{"@type":"ListItem","position":3,"name":"CHERRY Rat\u00f3n inal\u00e1mbrico \u00f3ptico 2400dpi"}]},{"@type":"WebSite","@id":"https:\/\/setnology.es\/#website","url":"https:\/\/setnology.es\/","name":"Setnology","description":"Servicios de Expansi\u00f3n Tecnol\u00f3gica","publisher":{"@id":"https:\/\/setnology.es\/#organization"},"potentialAction":[{"@type":"SearchAction","target":{"@type":"EntryPoint","urlTemplate":"https:\/\/setnology.es\/?s={search_term_string}"},"query-input":{"@type":"PropertyValueSpecification","valueRequired":true,"valueName":"search_term_string"}}],"inLanguage":"es"},{"@type":"Organization","@id":"https:\/\/setnology.es\/#organization","name":"Setnology","url":"https:\/\/setnology.es\/","logo":{"@type":"ImageObject","inLanguage":"es","@id":"https:\/\/setnology.es\/#\/schema\/logo\/image\/","url":"https:\/\/i0.wp.com\/setnology.es\/wp-content\/uploads\/2021\/10\/cropped-Logo-Blanco-1.png?fit=995%2C258&ssl=1","contentUrl":"https:\/\/i0.wp.com\/setnology.es\/wp-content\/uploads\/2021\/10\/cropped-Logo-Blanco-1.png?fit=995%2C258&ssl=1","width":995,"height":258,"caption":"Setnology"},"image":{"@id":"https:\/\/setnology.es\/#\/schema\/logo\/image\/"}}]}},"jetpack_sharing_enabled":true,"_links":{"self":[{"href":"https:\/\/setnology.es\/index.php\/wp-json\/wp\/v2\/product\/219132","targetHints":{"allow":["GET"]}}],"collection":[{"href":"https:\/\/setnology.es\/index.php\/wp-json\/wp\/v2\/product"}],"about":[{"href":"https:\/\/setnology.es\/index.php\/wp-json\/wp\/v2\/types\/product"}],"version-history":[{"count":2,"href":"https:\/\/setnology.es\/index.php\/wp-json\/wp\/v2\/product\/219132\/revisions"}],"predecessor-version":[{"id":264144,"href":"https:\/\/setnology.es\/index.php\/wp-json\/wp\/v2\/product\/219132\/revisions\/264144"}],"wp:featuredmedia":[{"embeddable":true,"href":"https:\/\/setnology.es\/index.php\/wp-json\/wp\/v2\/media\/220480"}],"wp:attachment":[{"href":"https:\/\/setnology.es\/index.php\/wp-json\/wp\/v2\/media?parent=219132"}],"wp:term":[{"taxonomy":"product_brand","embeddable":true,"href":"https:\/\/setnology.es\/index.php\/wp-json\/wp\/v2\/product_brand?post=219132"},{"taxonomy":"product_cat","embeddable":true,"href":"https:\/\/setnology.es\/index.php\/wp-json\/wp\/v2\/product_cat?post=219132"},{"taxonomy":"product_tag","embeddable":true,"href":"https:\/\/setnology.es\/index.php\/wp-json\/wp\/v2\/product_tag?post=219132"}],"curies":[{"name":"wp","href":"https:\/\/api.w.org\/{rel}","templated":true}]}}