{"id":9286,"date":"2021-12-31T11:45:39","date_gmt":"2021-12-31T09:45:39","guid":{"rendered":"https:\/\/setnology.es\/?post_type=product&#038;p=9286"},"modified":"2024-06-06T12:35:22","modified_gmt":"2024-06-06T10:35:22","slug":"seo-mensual","status":"publish","type":"product","link":"https:\/\/setnology.es\/index.php\/producto\/seo-mensual\/","title":{"rendered":"Seo  Mensual"},"content":{"rendered":"<p><strong>CUOTA MENSUAL<\/strong><\/p>\n<p>&nbsp;<\/p>\n<p><strong>SEO B\u00c1SICO:<\/strong><\/p>\n<p>1 frase clave compuesta por 3 palabras.<\/p>\n<p><em>Ejemplo: Restaurante Japones Valencia<\/em><\/p>\n<p><strong>SEO STANDAR:<\/strong><\/p>\n<p>10 frases clave compuestas por 3 palabras.<\/p>\n<p>(Palabras clave adicionales 30,25\u20ac\/u.)<\/p>\n<p><em>Ejemplo: Restaurante Japon\u00e9s Valencia<\/em><\/p>\n<p><strong>SEO AVANZADO:\u00a0<\/strong><\/p>\n<p>20 frases clave compuestas por 2 palabras.<\/p>\n<p>(Palabras clave adicionales 30,25\u20ac\/u.)<\/p>\n<p><em>Ejemplo: Restaurante Japon\u00e9s<\/em><\/p>\n<p><strong>SEO PREMIUM:<\/strong><\/p>\n<p>40 frases clave compuestas por 2 palabras.<\/p>\n<p>(Palabras clave adicionales 30,25\u20ac\/u.)<\/p>\n<p><em>Ejemplo: Restaurante Japon\u00e9s<\/em><\/p>\n","protected":false},"excerpt":{"rendered":"<h2 class=\" additional-class-837518722 bd-content-element\">PUBLICIDAD SEO<\/h2>\n<div class=\" bd-spacer-48989810 clearfix\"><\/div>\n<p class=\" additional-class-840635576 bd-content-element\">Com\u00fanmente conocido como posicionamiento web.<br \/>\nSon las t\u00e9cnicas y herramientas que empleamos para mejorar el posicionamiento de su web en los resultados de b\u00fasqueda de los buscadores como google, para que aparezca en mejores posiciones con las palabras que nos indique.<\/p>\n","protected":false},"featured_media":9369,"template":"","meta":{"site-sidebar-layout":"default","site-content-layout":"default","ast-site-content-layout":"default","site-content-style":"default","site-sidebar-style":"default","ast-global-header-display":"","ast-banner-title-visibility":"","ast-main-header-display":"","ast-hfb-above-header-display":"","ast-hfb-below-header-display":"","ast-hfb-mobile-header-display":"","site-post-title":"","ast-breadcrumbs-content":"","ast-featured-img":"","footer-sml-layout":"","ast-disable-related-posts":"","theme-transparent-header-meta":"default","adv-header-id-meta":"","stick-header-meta":"","header-above-stick-meta":"","header-main-stick-meta":"","header-below-stick-meta":"","astra-migrate-meta-layouts":"set","ast-page-background-enabled":"default","ast-page-background-meta":{"desktop":{"background-color":"","background-image":"","background-repeat":"repeat","background-position":"center center","background-size":"auto","background-attachment":"scroll","background-type":"","background-media":"","overlay-type":"","overlay-color":"","overlay-opacity":"","overlay-gradient":""},"tablet":{"background-color":"","background-image":"","background-repeat":"repeat","background-position":"center center","background-size":"auto","background-attachment":"scroll","background-type":"","background-media":"","overlay-type":"","overlay-color":"","overlay-opacity":"","overlay-gradient":""},"mobile":{"background-color":"","background-image":"","background-repeat":"repeat","background-position":"center center","background-size":"auto","background-attachment":"scroll","background-type":"","background-media":"","overlay-type":"","overlay-color":"","overlay-opacity":"","overlay-gradient":""}},"ast-content-background-meta":{"desktop":{"background-color":"var(--ast-global-color-5)","background-image":"","background-repeat":"repeat","background-position":"center center","background-size":"auto","background-attachment":"scroll","background-type":"","background-media":"","overlay-type":"","overlay-color":"","overlay-opacity":"","overlay-gradient":""},"tablet":{"background-color":"var(--ast-global-color-5)","background-image":"","background-repeat":"repeat","background-position":"center center","background-size":"auto","background-attachment":"scroll","background-type":"","background-media":"","overlay-type":"","overlay-color":"","overlay-opacity":"","overlay-gradient":""},"mobile":{"background-color":"var(--ast-global-color-5)","background-image":"","background-repeat":"repeat","background-position":"center center","background-size":"auto","background-attachment":"scroll","background-type":"","background-media":"","overlay-type":"","overlay-color":"","overlay-opacity":"","overlay-gradient":""}}},"product_brand":[],"product_cat":[182],"product_tag":[],"class_list":{"0":"post-9286","1":"product","2":"type-product","3":"status-publish","4":"has-post-thumbnail","6":"product_cat-publicidad-online","7":"desktop-align-left","8":"tablet-align-left","9":"mobile-align-left","11":"first","12":"instock","13":"taxable","14":"shipping-taxable","15":"purchasable","16":"product-type-variable","17":"has-default-attributes"},"yoast_head":"<!-- This site is optimized with the Yoast SEO Premium plugin v18.8 (Yoast SEO v27.5) - https:\/\/yoast.com\/product\/yoast-seo-premium-wordpress\/ -->\n<title>Seo Mensual - Setnology<\/title>\n<meta name=\"robots\" content=\"index, follow, max-snippet:-1, max-image-preview:large, max-video-preview:-1\" \/>\n<link rel=\"canonical\" href=\"https:\/\/setnology.es\/index.php\/producto\/seo-mensual\/\" \/>\n<meta property=\"og:locale\" content=\"es_ES\" \/>\n<meta property=\"og:type\" content=\"article\" \/>\n<meta property=\"og:title\" content=\"Seo Mensual\" \/>\n<meta property=\"og:description\" content=\"PUBLICIDAD SEO  Com\u00fanmente conocido como posicionamiento web. Son las t\u00e9cnicas y herramientas que empleamos para mejorar el posicionamiento de su web en los resultados de b\u00fasqueda de los buscadores como google, para que aparezca en mejores posiciones con las palabras que nos indique.\" \/>\n<meta property=\"og:url\" content=\"https:\/\/setnology.es\/index.php\/producto\/seo-mensual\/\" \/>\n<meta property=\"og:site_name\" content=\"Setnology\" \/>\n<meta property=\"article:modified_time\" content=\"2024-06-06T10:35:22+00:00\" \/>\n<meta property=\"og:image\" content=\"https:\/\/setnology.es\/wp-content\/uploads\/2021\/12\/seo.png\" \/>\n\t<meta property=\"og:image:width\" content=\"800\" \/>\n\t<meta property=\"og:image:height\" content=\"600\" \/>\n\t<meta property=\"og:image:type\" content=\"image\/png\" \/>\n<meta name=\"twitter:card\" content=\"summary_large_image\" \/>\n<meta name=\"twitter:label1\" content=\"Tiempo de lectura\" \/>\n\t<meta name=\"twitter:data1\" content=\"1 minuto\" \/>\n<script type=\"application\/ld+json\" class=\"yoast-schema-graph\">{\"@context\":\"https:\\\/\\\/schema.org\",\"@graph\":[{\"@type\":\"WebPage\",\"@id\":\"https:\\\/\\\/setnology.es\\\/index.php\\\/producto\\\/seo-mensual\\\/\",\"url\":\"https:\\\/\\\/setnology.es\\\/index.php\\\/producto\\\/seo-mensual\\\/\",\"name\":\"Seo Mensual - Setnology\",\"isPartOf\":{\"@id\":\"https:\\\/\\\/setnology.es\\\/#website\"},\"primaryImageOfPage\":{\"@id\":\"https:\\\/\\\/setnology.es\\\/index.php\\\/producto\\\/seo-mensual\\\/#primaryimage\"},\"image\":{\"@id\":\"https:\\\/\\\/setnology.es\\\/index.php\\\/producto\\\/seo-mensual\\\/#primaryimage\"},\"thumbnailUrl\":\"https:\\\/\\\/i0.wp.com\\\/setnology.es\\\/wp-content\\\/uploads\\\/2021\\\/12\\\/seo.png?fit=800%2C600&ssl=1\",\"datePublished\":\"2021-12-31T09:45:39+00:00\",\"dateModified\":\"2024-06-06T10:35:22+00:00\",\"breadcrumb\":{\"@id\":\"https:\\\/\\\/setnology.es\\\/index.php\\\/producto\\\/seo-mensual\\\/#breadcrumb\"},\"inLanguage\":\"es\",\"potentialAction\":[{\"@type\":\"ReadAction\",\"target\":[\"https:\\\/\\\/setnology.es\\\/index.php\\\/producto\\\/seo-mensual\\\/\"]}]},{\"@type\":\"ImageObject\",\"inLanguage\":\"es\",\"@id\":\"https:\\\/\\\/setnology.es\\\/index.php\\\/producto\\\/seo-mensual\\\/#primaryimage\",\"url\":\"https:\\\/\\\/i0.wp.com\\\/setnology.es\\\/wp-content\\\/uploads\\\/2021\\\/12\\\/seo.png?fit=800%2C600&ssl=1\",\"contentUrl\":\"https:\\\/\\\/i0.wp.com\\\/setnology.es\\\/wp-content\\\/uploads\\\/2021\\\/12\\\/seo.png?fit=800%2C600&ssl=1\",\"width\":800,\"height\":600},{\"@type\":\"BreadcrumbList\",\"@id\":\"https:\\\/\\\/setnology.es\\\/index.php\\\/producto\\\/seo-mensual\\\/#breadcrumb\",\"itemListElement\":[{\"@type\":\"ListItem\",\"position\":1,\"name\":\"Portada\",\"item\":\"https:\\\/\\\/setnology.es\\\/\"},{\"@type\":\"ListItem\",\"position\":2,\"name\":\"Tienda\",\"item\":\"https:\\\/\\\/setnology.es\\\/index.php\\\/tienda\\\/\"},{\"@type\":\"ListItem\",\"position\":3,\"name\":\"Seo Mensual\"}]},{\"@type\":\"WebSite\",\"@id\":\"https:\\\/\\\/setnology.es\\\/#website\",\"url\":\"https:\\\/\\\/setnology.es\\\/\",\"name\":\"Setnology\",\"description\":\"Servicios de Expansi\u00f3n Tecnol\u00f3gica\",\"publisher\":{\"@id\":\"https:\\\/\\\/setnology.es\\\/#organization\"},\"potentialAction\":[{\"@type\":\"SearchAction\",\"target\":{\"@type\":\"EntryPoint\",\"urlTemplate\":\"https:\\\/\\\/setnology.es\\\/?s={search_term_string}\"},\"query-input\":{\"@type\":\"PropertyValueSpecification\",\"valueRequired\":true,\"valueName\":\"search_term_string\"}}],\"inLanguage\":\"es\"},{\"@type\":\"Organization\",\"@id\":\"https:\\\/\\\/setnology.es\\\/#organization\",\"name\":\"Setnology\",\"url\":\"https:\\\/\\\/setnology.es\\\/\",\"logo\":{\"@type\":\"ImageObject\",\"inLanguage\":\"es\",\"@id\":\"https:\\\/\\\/setnology.es\\\/#\\\/schema\\\/logo\\\/image\\\/\",\"url\":\"https:\\\/\\\/i0.wp.com\\\/setnology.es\\\/wp-content\\\/uploads\\\/2021\\\/10\\\/cropped-Logo-Blanco-1.png?fit=995%2C258&ssl=1\",\"contentUrl\":\"https:\\\/\\\/i0.wp.com\\\/setnology.es\\\/wp-content\\\/uploads\\\/2021\\\/10\\\/cropped-Logo-Blanco-1.png?fit=995%2C258&ssl=1\",\"width\":995,\"height\":258,\"caption\":\"Setnology\"},\"image\":{\"@id\":\"https:\\\/\\\/setnology.es\\\/#\\\/schema\\\/logo\\\/image\\\/\"}}]}<\/script>\n<!-- \/ Yoast SEO Premium plugin. -->","yoast_head_json":{"title":"Seo Mensual - Setnology","robots":{"index":"index","follow":"follow","max-snippet":"max-snippet:-1","max-image-preview":"max-image-preview:large","max-video-preview":"max-video-preview:-1"},"canonical":"https:\/\/setnology.es\/index.php\/producto\/seo-mensual\/","og_locale":"es_ES","og_type":"article","og_title":"Seo Mensual","og_description":"PUBLICIDAD SEO  Com\u00fanmente conocido como posicionamiento web. Son las t\u00e9cnicas y herramientas que empleamos para mejorar el posicionamiento de su web en los resultados de b\u00fasqueda de los buscadores como google, para que aparezca en mejores posiciones con las palabras que nos indique.","og_url":"https:\/\/setnology.es\/index.php\/producto\/seo-mensual\/","og_site_name":"Setnology","article_modified_time":"2024-06-06T10:35:22+00:00","og_image":[{"width":800,"height":600,"url":"https:\/\/setnology.es\/wp-content\/uploads\/2021\/12\/seo.png","type":"image\/png"}],"twitter_card":"summary_large_image","twitter_misc":{"Tiempo de lectura":"1 minuto"},"schema":{"@context":"https:\/\/schema.org","@graph":[{"@type":"WebPage","@id":"https:\/\/setnology.es\/index.php\/producto\/seo-mensual\/","url":"https:\/\/setnology.es\/index.php\/producto\/seo-mensual\/","name":"Seo Mensual - Setnology","isPartOf":{"@id":"https:\/\/setnology.es\/#website"},"primaryImageOfPage":{"@id":"https:\/\/setnology.es\/index.php\/producto\/seo-mensual\/#primaryimage"},"image":{"@id":"https:\/\/setnology.es\/index.php\/producto\/seo-mensual\/#primaryimage"},"thumbnailUrl":"https:\/\/i0.wp.com\/setnology.es\/wp-content\/uploads\/2021\/12\/seo.png?fit=800%2C600&ssl=1","datePublished":"2021-12-31T09:45:39+00:00","dateModified":"2024-06-06T10:35:22+00:00","breadcrumb":{"@id":"https:\/\/setnology.es\/index.php\/producto\/seo-mensual\/#breadcrumb"},"inLanguage":"es","potentialAction":[{"@type":"ReadAction","target":["https:\/\/setnology.es\/index.php\/producto\/seo-mensual\/"]}]},{"@type":"ImageObject","inLanguage":"es","@id":"https:\/\/setnology.es\/index.php\/producto\/seo-mensual\/#primaryimage","url":"https:\/\/i0.wp.com\/setnology.es\/wp-content\/uploads\/2021\/12\/seo.png?fit=800%2C600&ssl=1","contentUrl":"https:\/\/i0.wp.com\/setnology.es\/wp-content\/uploads\/2021\/12\/seo.png?fit=800%2C600&ssl=1","width":800,"height":600},{"@type":"BreadcrumbList","@id":"https:\/\/setnology.es\/index.php\/producto\/seo-mensual\/#breadcrumb","itemListElement":[{"@type":"ListItem","position":1,"name":"Portada","item":"https:\/\/setnology.es\/"},{"@type":"ListItem","position":2,"name":"Tienda","item":"https:\/\/setnology.es\/index.php\/tienda\/"},{"@type":"ListItem","position":3,"name":"Seo Mensual"}]},{"@type":"WebSite","@id":"https:\/\/setnology.es\/#website","url":"https:\/\/setnology.es\/","name":"Setnology","description":"Servicios de Expansi\u00f3n Tecnol\u00f3gica","publisher":{"@id":"https:\/\/setnology.es\/#organization"},"potentialAction":[{"@type":"SearchAction","target":{"@type":"EntryPoint","urlTemplate":"https:\/\/setnology.es\/?s={search_term_string}"},"query-input":{"@type":"PropertyValueSpecification","valueRequired":true,"valueName":"search_term_string"}}],"inLanguage":"es"},{"@type":"Organization","@id":"https:\/\/setnology.es\/#organization","name":"Setnology","url":"https:\/\/setnology.es\/","logo":{"@type":"ImageObject","inLanguage":"es","@id":"https:\/\/setnology.es\/#\/schema\/logo\/image\/","url":"https:\/\/i0.wp.com\/setnology.es\/wp-content\/uploads\/2021\/10\/cropped-Logo-Blanco-1.png?fit=995%2C258&ssl=1","contentUrl":"https:\/\/i0.wp.com\/setnology.es\/wp-content\/uploads\/2021\/10\/cropped-Logo-Blanco-1.png?fit=995%2C258&ssl=1","width":995,"height":258,"caption":"Setnology"},"image":{"@id":"https:\/\/setnology.es\/#\/schema\/logo\/image\/"}}]}},"jetpack_sharing_enabled":true,"_links":{"self":[{"href":"https:\/\/setnology.es\/index.php\/wp-json\/wp\/v2\/product\/9286","targetHints":{"allow":["GET"]}}],"collection":[{"href":"https:\/\/setnology.es\/index.php\/wp-json\/wp\/v2\/product"}],"about":[{"href":"https:\/\/setnology.es\/index.php\/wp-json\/wp\/v2\/types\/product"}],"version-history":[{"count":3,"href":"https:\/\/setnology.es\/index.php\/wp-json\/wp\/v2\/product\/9286\/revisions"}],"predecessor-version":[{"id":203926,"href":"https:\/\/setnology.es\/index.php\/wp-json\/wp\/v2\/product\/9286\/revisions\/203926"}],"wp:featuredmedia":[{"embeddable":true,"href":"https:\/\/setnology.es\/index.php\/wp-json\/wp\/v2\/media\/9369"}],"wp:attachment":[{"href":"https:\/\/setnology.es\/index.php\/wp-json\/wp\/v2\/media?parent=9286"}],"wp:term":[{"taxonomy":"product_brand","embeddable":true,"href":"https:\/\/setnology.es\/index.php\/wp-json\/wp\/v2\/product_brand?post=9286"},{"taxonomy":"product_cat","embeddable":true,"href":"https:\/\/setnology.es\/index.php\/wp-json\/wp\/v2\/product_cat?post=9286"},{"taxonomy":"product_tag","embeddable":true,"href":"https:\/\/setnology.es\/index.php\/wp-json\/wp\/v2\/product_tag?post=9286"}],"curies":[{"name":"wp","href":"https:\/\/api.w.org\/{rel}","templated":true}]}}