{"id":9297,"date":"2021-12-31T11:45:41","date_gmt":"2021-12-31T09:45:41","guid":{"rendered":"https:\/\/setnology.es\/?post_type=product&#038;p=9297"},"modified":"2024-12-02T00:00:06","modified_gmt":"2024-12-01T23:00:06","slug":"soporte-web-anual","status":"publish","type":"product","link":"https:\/\/setnology.es\/index.php\/producto\/soporte-web-anual\/","title":{"rendered":"Soporte y Mantenimiento"},"content":{"rendered":"<h2><strong>SOPORTE Y MANTENIMIENTO<\/strong><\/h2>\n<p>&nbsp;<\/p>\n<h4><strong>MANTENIMIENTO MINI ANUAL <span style=\"color: #ff6600;\">70\u20ac\/a\u00f1o<\/span><\/strong><\/h4>\n<h6>ACTUALIZACIONES Y MANTENIMIENTO DE LA WEB.<\/h6>\n<p><em>Para que tu web siempre est\u00e9 actualizada, y no tengas que encargarte de nada.<\/em><\/p>\n<h4><strong>MANTENIMIENTO LITE ANUAL <span style=\"color: #ff6600;\">110\u20ac\/a\u00f1o<\/span><\/strong><\/h4>\n<h6>ACTUALIZACIONES, MANTENIMIENTO, Y\u00a0 COPIA DE SEGURIDAD.<\/h6>\n<p>Copia de seguridad anual, actualizaciones y mantenimiento, para estar tranquil@.<\/p>\n<h4><strong>MANTENIMIENTO PLUS ANUAL <span style=\"color: #ff6600;\">150\u20ac\/a\u00f1o<\/span><\/strong><\/h4>\n<h6>ACTUALIZACIONES, MANTENIMIENTO, COPIA DE SEGURIDAD ANUAL + 2 HORAS* M\u00c1XIMAS DE TRABAJOS EN LA WEB AL A\u00d1O.<\/h6>\n<p><em>Todo lo incluido en los paquetes anteriores m\u00e1s un m\u00e1ximo de 2 horas* de trabajo en la web, para que realicemos los cambios que necesites. Incluye instalaci\u00f3n de antivirus.<\/em><\/p>\n<p>&nbsp;<\/p>\n<p>&nbsp;<\/p>\n<h4><strong>MANTENIMIENTO PRO MENSUAL <span style=\"color: #ff6600;\">50\u20ac\/mes<\/span><\/strong><\/h4>\n<h6>ACTUALIZACIONES, MANTENIMIENTO, COPIA DE SEGURIDAD MENSUAL + 1 HORA* M\u00c1XIMAS DE TRABAJOS EN LA WEB AL MES.<\/h6>\n<p><em>Todo lo incluido en los paquetes anteriores m\u00e1s copia de seguridad semanal de tu web , para que puedas volver desde un mes atr\u00e1s en caso de necesidad, y un m\u00e1ximo de 1 hora* al mes de trabajos en tu web. Incluye instalaci\u00f3n de antivirus<\/em><\/p>\n<h4><strong>MANTENIMIENTO MAX MENSUAL <span style=\"color: #ff6600;\">100\u20ac\/mes<\/span><\/strong><\/h4>\n<h6>ACTUALIZACIONES, MANTENIMIENTO, COPIA DE SEGURIDAD MENSUAL + 3 HORAS* M\u00c1XIMAS DE TRABAJOS EN LA WEB AL MES.<\/h6>\n<p><em>Todo lo incluido en los paquetes anteriores m\u00e1s copia de seguridad semanal de tu web , para que puedas volver desde un mes atr\u00e1s en caso de necesidad, y un m\u00e1ximo de 3 horas* al mes de trabajos en tu web. Incluye instalaci\u00f3n y gesti\u00f3n de antivirus<\/em><\/p>\n<h4><strong>MANTENIMIENTO ULTRA MENSUAL <span style=\"color: #ff6600;\">150\u20ac\/mes<\/span><\/strong><\/h4>\n<h6>ACTUALIZACIONES, MANTENIMIENTO, COPIA DE SEGURIDAD DIARIA + 6 HORAS* M\u00c1XIMAS DE TRABAJOS EN LA WEB AL MES. + ANTIVIRUS<\/h6>\n<p><em>Todo lo incluido en los paquetes anteriores m\u00e1s copia de seguridad diaria de tu web , para que puedas volver d\u00eda a d\u00eda durante un mes atr\u00e1s en caso de necesidad, antivirus en la web y un m\u00e1ximo de 6 horas* al mes de trabajos en tu web. Incluye instalaci\u00f3n y gesti\u00f3n de antivirus.<\/em><\/p>\n<p>&nbsp;<\/p>\n<p>&nbsp;<\/p>\n<p>*horas de trabajo no acumulables.<\/p>\n","protected":false},"excerpt":{"rendered":"<p>Te damos soporte y mantenimiento en tu web. Para que te despreocupes de todo. Elige tu plan mensual o anual.<\/p>\n<p><strong>Resumen planes:<\/strong><\/p>\n<p><strong>ANUALES:<\/strong><\/p>\n<p><strong>mini 70\u20ac\/a\u00f1o <\/strong>(Actualizaciones + Mantenimiento)<br \/>\n<strong>lite 110\u20ac\/a\u00f1o<\/strong> (mini + copia de seguridad.)<br \/>\n<strong>plus 150\u20ac\/a\u00f1o<\/strong> (lite + 2 horas* de trabajo en la web + antivirus)<\/p>\n<p><strong>MENSUALES<\/strong>:<\/p>\n<p><strong>pro 50\u20ac\/mes<\/strong> (plus + copia de seguridad mensual +y 1 hora* de trabajos)<br \/>\n<strong>max 100\u20ac\/mes<\/strong> (pro con 3 horas* de trabajo + gesti\u00f3n antivirus.)<br \/>\n<strong>ultra 150\u20ac\/mes<\/strong> (max con 6 horas* de trabajo + copia de seguridad diaria)<br \/>\nSelecciona el mantenimiento que quieres contratar y pulsa en A\u00f1adir al Carro.<\/p>\n","protected":false},"featured_media":9322,"template":"","meta":{"site-sidebar-layout":"default","site-content-layout":"default","ast-site-content-layout":"default","site-content-style":"default","site-sidebar-style":"default","ast-global-header-display":"","ast-banner-title-visibility":"","ast-main-header-display":"","ast-hfb-above-header-display":"","ast-hfb-below-header-display":"","ast-hfb-mobile-header-display":"","site-post-title":"","ast-breadcrumbs-content":"","ast-featured-img":"","footer-sml-layout":"","ast-disable-related-posts":"","theme-transparent-header-meta":"default","adv-header-id-meta":"","stick-header-meta":"","header-above-stick-meta":"","header-main-stick-meta":"","header-below-stick-meta":"","astra-migrate-meta-layouts":"set","ast-page-background-enabled":"default","ast-page-background-meta":{"desktop":{"background-color":"","background-image":"","background-repeat":"repeat","background-position":"center center","background-size":"auto","background-attachment":"scroll","background-type":"","background-media":"","overlay-type":"","overlay-color":"","overlay-opacity":"","overlay-gradient":""},"tablet":{"background-color":"","background-image":"","background-repeat":"repeat","background-position":"center center","background-size":"auto","background-attachment":"scroll","background-type":"","background-media":"","overlay-type":"","overlay-color":"","overlay-opacity":"","overlay-gradient":""},"mobile":{"background-color":"","background-image":"","background-repeat":"repeat","background-position":"center center","background-size":"auto","background-attachment":"scroll","background-type":"","background-media":"","overlay-type":"","overlay-color":"","overlay-opacity":"","overlay-gradient":""}},"ast-content-background-meta":{"desktop":{"background-color":"var(--ast-global-color-5)","background-image":"","background-repeat":"repeat","background-position":"center center","background-size":"auto","background-attachment":"scroll","background-type":"","background-media":"","overlay-type":"","overlay-color":"","overlay-opacity":"","overlay-gradient":""},"tablet":{"background-color":"var(--ast-global-color-5)","background-image":"","background-repeat":"repeat","background-position":"center center","background-size":"auto","background-attachment":"scroll","background-type":"","background-media":"","overlay-type":"","overlay-color":"","overlay-opacity":"","overlay-gradient":""},"mobile":{"background-color":"var(--ast-global-color-5)","background-image":"","background-repeat":"repeat","background-position":"center center","background-size":"auto","background-attachment":"scroll","background-type":"","background-media":"","overlay-type":"","overlay-color":"","overlay-opacity":"","overlay-gradient":""}}},"product_brand":[],"product_cat":[179],"product_tag":[],"class_list":{"0":"post-9297","1":"product","2":"type-product","3":"status-publish","4":"has-post-thumbnail","6":"product_cat-soporte","7":"desktop-align-left","8":"tablet-align-left","9":"mobile-align-left","11":"first","12":"instock","13":"taxable","14":"shipping-taxable","15":"purchasable","16":"product-type-variable"},"yoast_head":"<!-- This site is optimized with the Yoast SEO Premium plugin v18.8 (Yoast SEO v27.4) - https:\/\/yoast.com\/product\/yoast-seo-premium-wordpress\/ -->\n<title>Soporte y Mantenimiento - Setnology<\/title>\n<meta name=\"robots\" content=\"index, follow, max-snippet:-1, max-image-preview:large, max-video-preview:-1\" \/>\n<link rel=\"canonical\" href=\"https:\/\/setnology.es\/index.php\/producto\/soporte-web-anual\/\" \/>\n<meta property=\"og:locale\" content=\"es_ES\" \/>\n<meta property=\"og:type\" content=\"article\" \/>\n<meta property=\"og:title\" content=\"Soporte y Mantenimiento\" \/>\n<meta property=\"og:description\" content=\"Te damos soporte y mantenimiento en tu web. Para que te despreocupes de todo. Elige tu plan mensual o anual.  Resumen planes:  ANUALES:  mini 70\u20ac\/a\u00f1o (Actualizaciones + Mantenimiento) lite 110\u20ac\/a\u00f1o (mini + copia de seguridad.) plus 150\u20ac\/a\u00f1o (lite + 2 horas* de trabajo en la web + antivirus)  MENSUALES:  pro 50\u20ac\/mes (plus + copia de seguridad mensual +y 1 hora* de trabajos) max 100\u20ac\/mes (pro con 3 horas* de trabajo + gesti\u00f3n antivirus.) ultra 150\u20ac\/mes (max con 6 horas* de trabajo + copia de seguridad diaria) Selecciona el mantenimiento que quieres contratar y pulsa en A\u00f1adir al Carro.\" \/>\n<meta property=\"og:url\" content=\"https:\/\/setnology.es\/index.php\/producto\/soporte-web-anual\/\" \/>\n<meta property=\"og:site_name\" content=\"Setnology\" \/>\n<meta property=\"article:modified_time\" content=\"2024-12-01T23:00:06+00:00\" \/>\n<meta property=\"og:image\" content=\"https:\/\/setnology.es\/wp-content\/uploads\/2021\/12\/asistencia.png\" \/>\n\t<meta property=\"og:image:width\" content=\"800\" \/>\n\t<meta property=\"og:image:height\" content=\"600\" \/>\n\t<meta property=\"og:image:type\" content=\"image\/png\" \/>\n<meta name=\"twitter:card\" content=\"summary_large_image\" \/>\n<meta name=\"twitter:label1\" content=\"Tiempo de lectura\" \/>\n\t<meta name=\"twitter:data1\" content=\"2 minutos\" \/>\n<script type=\"application\/ld+json\" class=\"yoast-schema-graph\">{\"@context\":\"https:\\\/\\\/schema.org\",\"@graph\":[{\"@type\":\"WebPage\",\"@id\":\"https:\\\/\\\/setnology.es\\\/index.php\\\/producto\\\/soporte-web-anual\\\/\",\"url\":\"https:\\\/\\\/setnology.es\\\/index.php\\\/producto\\\/soporte-web-anual\\\/\",\"name\":\"Soporte y Mantenimiento - Setnology\",\"isPartOf\":{\"@id\":\"https:\\\/\\\/setnology.es\\\/#website\"},\"primaryImageOfPage\":{\"@id\":\"https:\\\/\\\/setnology.es\\\/index.php\\\/producto\\\/soporte-web-anual\\\/#primaryimage\"},\"image\":{\"@id\":\"https:\\\/\\\/setnology.es\\\/index.php\\\/producto\\\/soporte-web-anual\\\/#primaryimage\"},\"thumbnailUrl\":\"https:\\\/\\\/i0.wp.com\\\/setnology.es\\\/wp-content\\\/uploads\\\/2021\\\/12\\\/asistencia.png?fit=800%2C600&ssl=1\",\"datePublished\":\"2021-12-31T09:45:41+00:00\",\"dateModified\":\"2024-12-01T23:00:06+00:00\",\"breadcrumb\":{\"@id\":\"https:\\\/\\\/setnology.es\\\/index.php\\\/producto\\\/soporte-web-anual\\\/#breadcrumb\"},\"inLanguage\":\"es\",\"potentialAction\":[{\"@type\":\"ReadAction\",\"target\":[\"https:\\\/\\\/setnology.es\\\/index.php\\\/producto\\\/soporte-web-anual\\\/\"]}]},{\"@type\":\"ImageObject\",\"inLanguage\":\"es\",\"@id\":\"https:\\\/\\\/setnology.es\\\/index.php\\\/producto\\\/soporte-web-anual\\\/#primaryimage\",\"url\":\"https:\\\/\\\/i0.wp.com\\\/setnology.es\\\/wp-content\\\/uploads\\\/2021\\\/12\\\/asistencia.png?fit=800%2C600&ssl=1\",\"contentUrl\":\"https:\\\/\\\/i0.wp.com\\\/setnology.es\\\/wp-content\\\/uploads\\\/2021\\\/12\\\/asistencia.png?fit=800%2C600&ssl=1\",\"width\":800,\"height\":600},{\"@type\":\"BreadcrumbList\",\"@id\":\"https:\\\/\\\/setnology.es\\\/index.php\\\/producto\\\/soporte-web-anual\\\/#breadcrumb\",\"itemListElement\":[{\"@type\":\"ListItem\",\"position\":1,\"name\":\"Portada\",\"item\":\"https:\\\/\\\/setnology.es\\\/\"},{\"@type\":\"ListItem\",\"position\":2,\"name\":\"Tienda\",\"item\":\"https:\\\/\\\/setnology.es\\\/index.php\\\/tienda\\\/\"},{\"@type\":\"ListItem\",\"position\":3,\"name\":\"Soporte y Mantenimiento\"}]},{\"@type\":\"WebSite\",\"@id\":\"https:\\\/\\\/setnology.es\\\/#website\",\"url\":\"https:\\\/\\\/setnology.es\\\/\",\"name\":\"Setnology\",\"description\":\"Servicios de Expansi\u00f3n Tecnol\u00f3gica\",\"publisher\":{\"@id\":\"https:\\\/\\\/setnology.es\\\/#organization\"},\"potentialAction\":[{\"@type\":\"SearchAction\",\"target\":{\"@type\":\"EntryPoint\",\"urlTemplate\":\"https:\\\/\\\/setnology.es\\\/?s={search_term_string}\"},\"query-input\":{\"@type\":\"PropertyValueSpecification\",\"valueRequired\":true,\"valueName\":\"search_term_string\"}}],\"inLanguage\":\"es\"},{\"@type\":\"Organization\",\"@id\":\"https:\\\/\\\/setnology.es\\\/#organization\",\"name\":\"Setnology\",\"url\":\"https:\\\/\\\/setnology.es\\\/\",\"logo\":{\"@type\":\"ImageObject\",\"inLanguage\":\"es\",\"@id\":\"https:\\\/\\\/setnology.es\\\/#\\\/schema\\\/logo\\\/image\\\/\",\"url\":\"https:\\\/\\\/i0.wp.com\\\/setnology.es\\\/wp-content\\\/uploads\\\/2021\\\/10\\\/cropped-Logo-Blanco-1.png?fit=995%2C258&ssl=1\",\"contentUrl\":\"https:\\\/\\\/i0.wp.com\\\/setnology.es\\\/wp-content\\\/uploads\\\/2021\\\/10\\\/cropped-Logo-Blanco-1.png?fit=995%2C258&ssl=1\",\"width\":995,\"height\":258,\"caption\":\"Setnology\"},\"image\":{\"@id\":\"https:\\\/\\\/setnology.es\\\/#\\\/schema\\\/logo\\\/image\\\/\"}}]}<\/script>\n<!-- \/ Yoast SEO Premium plugin. -->","yoast_head_json":{"title":"Soporte y Mantenimiento - Setnology","robots":{"index":"index","follow":"follow","max-snippet":"max-snippet:-1","max-image-preview":"max-image-preview:large","max-video-preview":"max-video-preview:-1"},"canonical":"https:\/\/setnology.es\/index.php\/producto\/soporte-web-anual\/","og_locale":"es_ES","og_type":"article","og_title":"Soporte y Mantenimiento","og_description":"Te damos soporte y mantenimiento en tu web. Para que te despreocupes de todo. Elige tu plan mensual o anual.  Resumen planes:  ANUALES:  mini 70\u20ac\/a\u00f1o (Actualizaciones + Mantenimiento) lite 110\u20ac\/a\u00f1o (mini + copia de seguridad.) plus 150\u20ac\/a\u00f1o (lite + 2 horas* de trabajo en la web + antivirus)  MENSUALES:  pro 50\u20ac\/mes (plus + copia de seguridad mensual +y 1 hora* de trabajos) max 100\u20ac\/mes (pro con 3 horas* de trabajo + gesti\u00f3n antivirus.) ultra 150\u20ac\/mes (max con 6 horas* de trabajo + copia de seguridad diaria) Selecciona el mantenimiento que quieres contratar y pulsa en A\u00f1adir al Carro.","og_url":"https:\/\/setnology.es\/index.php\/producto\/soporte-web-anual\/","og_site_name":"Setnology","article_modified_time":"2024-12-01T23:00:06+00:00","og_image":[{"width":800,"height":600,"url":"https:\/\/setnology.es\/wp-content\/uploads\/2021\/12\/asistencia.png","type":"image\/png"}],"twitter_card":"summary_large_image","twitter_misc":{"Tiempo de lectura":"2 minutos"},"schema":{"@context":"https:\/\/schema.org","@graph":[{"@type":"WebPage","@id":"https:\/\/setnology.es\/index.php\/producto\/soporte-web-anual\/","url":"https:\/\/setnology.es\/index.php\/producto\/soporte-web-anual\/","name":"Soporte y Mantenimiento - Setnology","isPartOf":{"@id":"https:\/\/setnology.es\/#website"},"primaryImageOfPage":{"@id":"https:\/\/setnology.es\/index.php\/producto\/soporte-web-anual\/#primaryimage"},"image":{"@id":"https:\/\/setnology.es\/index.php\/producto\/soporte-web-anual\/#primaryimage"},"thumbnailUrl":"https:\/\/i0.wp.com\/setnology.es\/wp-content\/uploads\/2021\/12\/asistencia.png?fit=800%2C600&ssl=1","datePublished":"2021-12-31T09:45:41+00:00","dateModified":"2024-12-01T23:00:06+00:00","breadcrumb":{"@id":"https:\/\/setnology.es\/index.php\/producto\/soporte-web-anual\/#breadcrumb"},"inLanguage":"es","potentialAction":[{"@type":"ReadAction","target":["https:\/\/setnology.es\/index.php\/producto\/soporte-web-anual\/"]}]},{"@type":"ImageObject","inLanguage":"es","@id":"https:\/\/setnology.es\/index.php\/producto\/soporte-web-anual\/#primaryimage","url":"https:\/\/i0.wp.com\/setnology.es\/wp-content\/uploads\/2021\/12\/asistencia.png?fit=800%2C600&ssl=1","contentUrl":"https:\/\/i0.wp.com\/setnology.es\/wp-content\/uploads\/2021\/12\/asistencia.png?fit=800%2C600&ssl=1","width":800,"height":600},{"@type":"BreadcrumbList","@id":"https:\/\/setnology.es\/index.php\/producto\/soporte-web-anual\/#breadcrumb","itemListElement":[{"@type":"ListItem","position":1,"name":"Portada","item":"https:\/\/setnology.es\/"},{"@type":"ListItem","position":2,"name":"Tienda","item":"https:\/\/setnology.es\/index.php\/tienda\/"},{"@type":"ListItem","position":3,"name":"Soporte y Mantenimiento"}]},{"@type":"WebSite","@id":"https:\/\/setnology.es\/#website","url":"https:\/\/setnology.es\/","name":"Setnology","description":"Servicios de Expansi\u00f3n Tecnol\u00f3gica","publisher":{"@id":"https:\/\/setnology.es\/#organization"},"potentialAction":[{"@type":"SearchAction","target":{"@type":"EntryPoint","urlTemplate":"https:\/\/setnology.es\/?s={search_term_string}"},"query-input":{"@type":"PropertyValueSpecification","valueRequired":true,"valueName":"search_term_string"}}],"inLanguage":"es"},{"@type":"Organization","@id":"https:\/\/setnology.es\/#organization","name":"Setnology","url":"https:\/\/setnology.es\/","logo":{"@type":"ImageObject","inLanguage":"es","@id":"https:\/\/setnology.es\/#\/schema\/logo\/image\/","url":"https:\/\/i0.wp.com\/setnology.es\/wp-content\/uploads\/2021\/10\/cropped-Logo-Blanco-1.png?fit=995%2C258&ssl=1","contentUrl":"https:\/\/i0.wp.com\/setnology.es\/wp-content\/uploads\/2021\/10\/cropped-Logo-Blanco-1.png?fit=995%2C258&ssl=1","width":995,"height":258,"caption":"Setnology"},"image":{"@id":"https:\/\/setnology.es\/#\/schema\/logo\/image\/"}}]}},"jetpack_sharing_enabled":true,"_links":{"self":[{"href":"https:\/\/setnology.es\/index.php\/wp-json\/wp\/v2\/product\/9297","targetHints":{"allow":["GET"]}}],"collection":[{"href":"https:\/\/setnology.es\/index.php\/wp-json\/wp\/v2\/product"}],"about":[{"href":"https:\/\/setnology.es\/index.php\/wp-json\/wp\/v2\/types\/product"}],"version-history":[{"count":15,"href":"https:\/\/setnology.es\/index.php\/wp-json\/wp\/v2\/product\/9297\/revisions"}],"predecessor-version":[{"id":203922,"href":"https:\/\/setnology.es\/index.php\/wp-json\/wp\/v2\/product\/9297\/revisions\/203922"}],"wp:featuredmedia":[{"embeddable":true,"href":"https:\/\/setnology.es\/index.php\/wp-json\/wp\/v2\/media\/9322"}],"wp:attachment":[{"href":"https:\/\/setnology.es\/index.php\/wp-json\/wp\/v2\/media?parent=9297"}],"wp:term":[{"taxonomy":"product_brand","embeddable":true,"href":"https:\/\/setnology.es\/index.php\/wp-json\/wp\/v2\/product_brand?post=9297"},{"taxonomy":"product_cat","embeddable":true,"href":"https:\/\/setnology.es\/index.php\/wp-json\/wp\/v2\/product_cat?post=9297"},{"taxonomy":"product_tag","embeddable":true,"href":"https:\/\/setnology.es\/index.php\/wp-json\/wp\/v2\/product_tag?post=9297"}],"curies":[{"name":"wp","href":"https:\/\/api.w.org\/{rel}","templated":true}]}}