{"id":9342,"date":"2021-12-31T11:46:16","date_gmt":"2021-12-31T09:46:16","guid":{"rendered":"https:\/\/setnology.es\/?post_type=product&#038;p=9342"},"modified":"2022-12-28T22:26:30","modified_gmt":"2022-12-28T21:26:30","slug":"creacion-app-android-ios","status":"publish","type":"product","link":"https:\/\/setnology.es\/index.php\/producto\/creacion-app-android-ios\/","title":{"rendered":"Creaci\u00f3n App Android + iOS"},"content":{"rendered":"","protected":false},"excerpt":{"rendered":"<p>Te creamos la App Android e iOS de tu p\u00e1gina web, para que pueda ser instalada en dispositivos Android de iOS (iPhone), y poder mandar notificaciones gratuitas a todo aquel que se la instale en su dispositivo para mandar promociones, o informaci\u00f3n \u00fatil, as\u00ed como comunicarte con todo aquel que se la instale.<\/p>\n<p>Todo desde nuestro panel de control.<\/p>\n<p>La app, ser\u00eda exactamente igual que tu web, con las mismas funcionalidades.<\/p>\n<p><strong>Tiene 3 opciones:<\/strong><\/p>\n<ul>\n<li><strong>Sin publicar:<\/strong> Le creamos la App, y la guardamos en su web, cre\u00e1ndole un enlace para que los usuarios se la puedan descargar en sus terminales, pero no aparecer\u00eda en el Play Store ni en App Stor de iOS, podr\u00eda publicarla usted si lo considera.<\/li>\n<li><strong>Publicada en el App Store de iOS y en el Play Store de Android:<\/strong> Nosotros nos encargamos de publicarla en Play Store de Google y el App Store de iOS para que aparezca en la tienda y se pueda descargar, este servicio tiene un coste adicional de 200\u20ac\/a\u00f1o.<\/li>\n<\/ul>\n","protected":false},"featured_media":9392,"template":"","meta":{"site-sidebar-layout":"default","site-content-layout":"default","ast-site-content-layout":"default","site-content-style":"default","site-sidebar-style":"default","ast-global-header-display":"","ast-banner-title-visibility":"","ast-main-header-display":"","ast-hfb-above-header-display":"","ast-hfb-below-header-display":"","ast-hfb-mobile-header-display":"","site-post-title":"","ast-breadcrumbs-content":"","ast-featured-img":"","footer-sml-layout":"","ast-disable-related-posts":"","theme-transparent-header-meta":"default","adv-header-id-meta":"","stick-header-meta":"","header-above-stick-meta":"","header-main-stick-meta":"","header-below-stick-meta":"","astra-migrate-meta-layouts":"default","ast-page-background-enabled":"default","ast-page-background-meta":{"desktop":{"background-color":"","background-image":"","background-repeat":"repeat","background-position":"center center","background-size":"auto","background-attachment":"scroll","background-type":"","background-media":"","overlay-type":"","overlay-color":"","overlay-opacity":"","overlay-gradient":""},"tablet":{"background-color":"","background-image":"","background-repeat":"repeat","background-position":"center center","background-size":"auto","background-attachment":"scroll","background-type":"","background-media":"","overlay-type":"","overlay-color":"","overlay-opacity":"","overlay-gradient":""},"mobile":{"background-color":"","background-image":"","background-repeat":"repeat","background-position":"center center","background-size":"auto","background-attachment":"scroll","background-type":"","background-media":"","overlay-type":"","overlay-color":"","overlay-opacity":"","overlay-gradient":""}},"ast-content-background-meta":{"desktop":{"background-color":"var(--ast-global-color-5)","background-image":"","background-repeat":"repeat","background-position":"center center","background-size":"auto","background-attachment":"scroll","background-type":"","background-media":"","overlay-type":"","overlay-color":"","overlay-opacity":"","overlay-gradient":""},"tablet":{"background-color":"var(--ast-global-color-5)","background-image":"","background-repeat":"repeat","background-position":"center center","background-size":"auto","background-attachment":"scroll","background-type":"","background-media":"","overlay-type":"","overlay-color":"","overlay-opacity":"","overlay-gradient":""},"mobile":{"background-color":"var(--ast-global-color-5)","background-image":"","background-repeat":"repeat","background-position":"center center","background-size":"auto","background-attachment":"scroll","background-type":"","background-media":"","overlay-type":"","overlay-color":"","overlay-opacity":"","overlay-gradient":""}}},"product_brand":[],"product_cat":[183],"product_tag":[],"class_list":{"0":"post-9342","1":"product","2":"type-product","3":"status-publish","4":"has-post-thumbnail","6":"product_cat-app-movil","7":"desktop-align-left","8":"tablet-align-left","9":"mobile-align-left","11":"first","12":"instock","13":"taxable","14":"shipping-taxable","15":"purchasable","16":"product-type-variable","17":"has-default-attributes"},"yoast_head":"<!-- This site is optimized with the Yoast SEO Premium plugin v18.8 (Yoast SEO v27.5) - https:\/\/yoast.com\/product\/yoast-seo-premium-wordpress\/ -->\n<title>Creaci\u00f3n App Android + iOS - Setnology<\/title>\n<meta name=\"robots\" content=\"index, follow, max-snippet:-1, max-image-preview:large, max-video-preview:-1\" \/>\n<link rel=\"canonical\" href=\"https:\/\/setnology.es\/index.php\/producto\/creacion-app-android-ios\/\" \/>\n<meta property=\"og:locale\" content=\"es_ES\" \/>\n<meta property=\"og:type\" content=\"article\" \/>\n<meta property=\"og:title\" content=\"Creaci\u00f3n App Android + iOS\" \/>\n<meta property=\"og:description\" content=\"Te creamos la App Android e iOS de tu p\u00e1gina web, para que pueda ser instalada en dispositivos Android de iOS (iPhone), y poder mandar notificaciones gratuitas a todo aquel que se la instale en su dispositivo para mandar promociones, o informaci\u00f3n \u00fatil, as\u00ed como comunicarte con todo aquel que se la instale.  Todo desde nuestro panel de control.  La app, ser\u00eda exactamente igual que tu web, con las mismas funcionalidades.  Tiene 3 opciones:   Sin publicar: Le creamos la App, y la guardamos en su web, cre\u00e1ndole un enlace para que los usuarios se la puedan descargar en sus terminales, pero no aparecer\u00eda en el Play Store ni en App Stor de iOS, podr\u00eda publicarla usted si lo considera.  Publicada en el App Store de iOS y en el Play Store de Android: Nosotros nos encargamos de publicarla en Play Store de Google y el App Store de iOS para que aparezca en la tienda y se pueda descargar, este servicio tiene un coste adicional de 200\u20ac\/a\u00f1o.\" \/>\n<meta property=\"og:url\" content=\"https:\/\/setnology.es\/index.php\/producto\/creacion-app-android-ios\/\" \/>\n<meta property=\"og:site_name\" content=\"Setnology\" \/>\n<meta property=\"article:modified_time\" content=\"2022-12-28T21:26:30+00:00\" \/>\n<meta property=\"og:image\" content=\"https:\/\/setnology.es\/wp-content\/uploads\/2021\/12\/App-Android-iOS.png\" \/>\n\t<meta property=\"og:image:width\" content=\"800\" \/>\n\t<meta property=\"og:image:height\" content=\"600\" \/>\n\t<meta property=\"og:image:type\" content=\"image\/png\" \/>\n<meta name=\"twitter:card\" content=\"summary_large_image\" \/>\n<script type=\"application\/ld+json\" class=\"yoast-schema-graph\">{\"@context\":\"https:\\\/\\\/schema.org\",\"@graph\":[{\"@type\":\"WebPage\",\"@id\":\"https:\\\/\\\/setnology.es\\\/index.php\\\/producto\\\/creacion-app-android-ios\\\/\",\"url\":\"https:\\\/\\\/setnology.es\\\/index.php\\\/producto\\\/creacion-app-android-ios\\\/\",\"name\":\"Creaci\u00f3n App Android + iOS - Setnology\",\"isPartOf\":{\"@id\":\"https:\\\/\\\/setnology.es\\\/#website\"},\"primaryImageOfPage\":{\"@id\":\"https:\\\/\\\/setnology.es\\\/index.php\\\/producto\\\/creacion-app-android-ios\\\/#primaryimage\"},\"image\":{\"@id\":\"https:\\\/\\\/setnology.es\\\/index.php\\\/producto\\\/creacion-app-android-ios\\\/#primaryimage\"},\"thumbnailUrl\":\"https:\\\/\\\/i0.wp.com\\\/setnology.es\\\/wp-content\\\/uploads\\\/2021\\\/12\\\/App-Android-iOS.png?fit=800%2C600&ssl=1\",\"datePublished\":\"2021-12-31T09:46:16+00:00\",\"dateModified\":\"2022-12-28T21:26:30+00:00\",\"breadcrumb\":{\"@id\":\"https:\\\/\\\/setnology.es\\\/index.php\\\/producto\\\/creacion-app-android-ios\\\/#breadcrumb\"},\"inLanguage\":\"es\",\"potentialAction\":[{\"@type\":\"ReadAction\",\"target\":[\"https:\\\/\\\/setnology.es\\\/index.php\\\/producto\\\/creacion-app-android-ios\\\/\"]}]},{\"@type\":\"ImageObject\",\"inLanguage\":\"es\",\"@id\":\"https:\\\/\\\/setnology.es\\\/index.php\\\/producto\\\/creacion-app-android-ios\\\/#primaryimage\",\"url\":\"https:\\\/\\\/i0.wp.com\\\/setnology.es\\\/wp-content\\\/uploads\\\/2021\\\/12\\\/App-Android-iOS.png?fit=800%2C600&ssl=1\",\"contentUrl\":\"https:\\\/\\\/i0.wp.com\\\/setnology.es\\\/wp-content\\\/uploads\\\/2021\\\/12\\\/App-Android-iOS.png?fit=800%2C600&ssl=1\",\"width\":800,\"height\":600},{\"@type\":\"BreadcrumbList\",\"@id\":\"https:\\\/\\\/setnology.es\\\/index.php\\\/producto\\\/creacion-app-android-ios\\\/#breadcrumb\",\"itemListElement\":[{\"@type\":\"ListItem\",\"position\":1,\"name\":\"Portada\",\"item\":\"https:\\\/\\\/setnology.es\\\/\"},{\"@type\":\"ListItem\",\"position\":2,\"name\":\"Tienda\",\"item\":\"https:\\\/\\\/setnology.es\\\/index.php\\\/tienda\\\/\"},{\"@type\":\"ListItem\",\"position\":3,\"name\":\"Creaci\u00f3n App Android + iOS\"}]},{\"@type\":\"WebSite\",\"@id\":\"https:\\\/\\\/setnology.es\\\/#website\",\"url\":\"https:\\\/\\\/setnology.es\\\/\",\"name\":\"Setnology\",\"description\":\"Servicios de Expansi\u00f3n Tecnol\u00f3gica\",\"publisher\":{\"@id\":\"https:\\\/\\\/setnology.es\\\/#organization\"},\"potentialAction\":[{\"@type\":\"SearchAction\",\"target\":{\"@type\":\"EntryPoint\",\"urlTemplate\":\"https:\\\/\\\/setnology.es\\\/?s={search_term_string}\"},\"query-input\":{\"@type\":\"PropertyValueSpecification\",\"valueRequired\":true,\"valueName\":\"search_term_string\"}}],\"inLanguage\":\"es\"},{\"@type\":\"Organization\",\"@id\":\"https:\\\/\\\/setnology.es\\\/#organization\",\"name\":\"Setnology\",\"url\":\"https:\\\/\\\/setnology.es\\\/\",\"logo\":{\"@type\":\"ImageObject\",\"inLanguage\":\"es\",\"@id\":\"https:\\\/\\\/setnology.es\\\/#\\\/schema\\\/logo\\\/image\\\/\",\"url\":\"https:\\\/\\\/i0.wp.com\\\/setnology.es\\\/wp-content\\\/uploads\\\/2021\\\/10\\\/cropped-Logo-Blanco-1.png?fit=995%2C258&ssl=1\",\"contentUrl\":\"https:\\\/\\\/i0.wp.com\\\/setnology.es\\\/wp-content\\\/uploads\\\/2021\\\/10\\\/cropped-Logo-Blanco-1.png?fit=995%2C258&ssl=1\",\"width\":995,\"height\":258,\"caption\":\"Setnology\"},\"image\":{\"@id\":\"https:\\\/\\\/setnology.es\\\/#\\\/schema\\\/logo\\\/image\\\/\"}}]}<\/script>\n<!-- \/ Yoast SEO Premium plugin. -->","yoast_head_json":{"title":"Creaci\u00f3n App Android + iOS - Setnology","robots":{"index":"index","follow":"follow","max-snippet":"max-snippet:-1","max-image-preview":"max-image-preview:large","max-video-preview":"max-video-preview:-1"},"canonical":"https:\/\/setnology.es\/index.php\/producto\/creacion-app-android-ios\/","og_locale":"es_ES","og_type":"article","og_title":"Creaci\u00f3n App Android + iOS","og_description":"Te creamos la App Android e iOS de tu p\u00e1gina web, para que pueda ser instalada en dispositivos Android de iOS (iPhone), y poder mandar notificaciones gratuitas a todo aquel que se la instale en su dispositivo para mandar promociones, o informaci\u00f3n \u00fatil, as\u00ed como comunicarte con todo aquel que se la instale.  Todo desde nuestro panel de control.  La app, ser\u00eda exactamente igual que tu web, con las mismas funcionalidades.  Tiene 3 opciones:   Sin publicar: Le creamos la App, y la guardamos en su web, cre\u00e1ndole un enlace para que los usuarios se la puedan descargar en sus terminales, pero no aparecer\u00eda en el Play Store ni en App Stor de iOS, podr\u00eda publicarla usted si lo considera.  Publicada en el App Store de iOS y en el Play Store de Android: Nosotros nos encargamos de publicarla en Play Store de Google y el App Store de iOS para que aparezca en la tienda y se pueda descargar, este servicio tiene un coste adicional de 200\u20ac\/a\u00f1o.","og_url":"https:\/\/setnology.es\/index.php\/producto\/creacion-app-android-ios\/","og_site_name":"Setnology","article_modified_time":"2022-12-28T21:26:30+00:00","og_image":[{"width":800,"height":600,"url":"https:\/\/setnology.es\/wp-content\/uploads\/2021\/12\/App-Android-iOS.png","type":"image\/png"}],"twitter_card":"summary_large_image","schema":{"@context":"https:\/\/schema.org","@graph":[{"@type":"WebPage","@id":"https:\/\/setnology.es\/index.php\/producto\/creacion-app-android-ios\/","url":"https:\/\/setnology.es\/index.php\/producto\/creacion-app-android-ios\/","name":"Creaci\u00f3n App Android + iOS - Setnology","isPartOf":{"@id":"https:\/\/setnology.es\/#website"},"primaryImageOfPage":{"@id":"https:\/\/setnology.es\/index.php\/producto\/creacion-app-android-ios\/#primaryimage"},"image":{"@id":"https:\/\/setnology.es\/index.php\/producto\/creacion-app-android-ios\/#primaryimage"},"thumbnailUrl":"https:\/\/i0.wp.com\/setnology.es\/wp-content\/uploads\/2021\/12\/App-Android-iOS.png?fit=800%2C600&ssl=1","datePublished":"2021-12-31T09:46:16+00:00","dateModified":"2022-12-28T21:26:30+00:00","breadcrumb":{"@id":"https:\/\/setnology.es\/index.php\/producto\/creacion-app-android-ios\/#breadcrumb"},"inLanguage":"es","potentialAction":[{"@type":"ReadAction","target":["https:\/\/setnology.es\/index.php\/producto\/creacion-app-android-ios\/"]}]},{"@type":"ImageObject","inLanguage":"es","@id":"https:\/\/setnology.es\/index.php\/producto\/creacion-app-android-ios\/#primaryimage","url":"https:\/\/i0.wp.com\/setnology.es\/wp-content\/uploads\/2021\/12\/App-Android-iOS.png?fit=800%2C600&ssl=1","contentUrl":"https:\/\/i0.wp.com\/setnology.es\/wp-content\/uploads\/2021\/12\/App-Android-iOS.png?fit=800%2C600&ssl=1","width":800,"height":600},{"@type":"BreadcrumbList","@id":"https:\/\/setnology.es\/index.php\/producto\/creacion-app-android-ios\/#breadcrumb","itemListElement":[{"@type":"ListItem","position":1,"name":"Portada","item":"https:\/\/setnology.es\/"},{"@type":"ListItem","position":2,"name":"Tienda","item":"https:\/\/setnology.es\/index.php\/tienda\/"},{"@type":"ListItem","position":3,"name":"Creaci\u00f3n App Android + iOS"}]},{"@type":"WebSite","@id":"https:\/\/setnology.es\/#website","url":"https:\/\/setnology.es\/","name":"Setnology","description":"Servicios de Expansi\u00f3n Tecnol\u00f3gica","publisher":{"@id":"https:\/\/setnology.es\/#organization"},"potentialAction":[{"@type":"SearchAction","target":{"@type":"EntryPoint","urlTemplate":"https:\/\/setnology.es\/?s={search_term_string}"},"query-input":{"@type":"PropertyValueSpecification","valueRequired":true,"valueName":"search_term_string"}}],"inLanguage":"es"},{"@type":"Organization","@id":"https:\/\/setnology.es\/#organization","name":"Setnology","url":"https:\/\/setnology.es\/","logo":{"@type":"ImageObject","inLanguage":"es","@id":"https:\/\/setnology.es\/#\/schema\/logo\/image\/","url":"https:\/\/i0.wp.com\/setnology.es\/wp-content\/uploads\/2021\/10\/cropped-Logo-Blanco-1.png?fit=995%2C258&ssl=1","contentUrl":"https:\/\/i0.wp.com\/setnology.es\/wp-content\/uploads\/2021\/10\/cropped-Logo-Blanco-1.png?fit=995%2C258&ssl=1","width":995,"height":258,"caption":"Setnology"},"image":{"@id":"https:\/\/setnology.es\/#\/schema\/logo\/image\/"}}]}},"jetpack_sharing_enabled":true,"_links":{"self":[{"href":"https:\/\/setnology.es\/index.php\/wp-json\/wp\/v2\/product\/9342","targetHints":{"allow":["GET"]}}],"collection":[{"href":"https:\/\/setnology.es\/index.php\/wp-json\/wp\/v2\/product"}],"about":[{"href":"https:\/\/setnology.es\/index.php\/wp-json\/wp\/v2\/types\/product"}],"version-history":[{"count":2,"href":"https:\/\/setnology.es\/index.php\/wp-json\/wp\/v2\/product\/9342\/revisions"}],"predecessor-version":[{"id":99173,"href":"https:\/\/setnology.es\/index.php\/wp-json\/wp\/v2\/product\/9342\/revisions\/99173"}],"wp:featuredmedia":[{"embeddable":true,"href":"https:\/\/setnology.es\/index.php\/wp-json\/wp\/v2\/media\/9392"}],"wp:attachment":[{"href":"https:\/\/setnology.es\/index.php\/wp-json\/wp\/v2\/media?parent=9342"}],"wp:term":[{"taxonomy":"product_brand","embeddable":true,"href":"https:\/\/setnology.es\/index.php\/wp-json\/wp\/v2\/product_brand?post=9342"},{"taxonomy":"product_cat","embeddable":true,"href":"https:\/\/setnology.es\/index.php\/wp-json\/wp\/v2\/product_cat?post=9342"},{"taxonomy":"product_tag","embeddable":true,"href":"https:\/\/setnology.es\/index.php\/wp-json\/wp\/v2\/product_tag?post=9342"}],"curies":[{"name":"wp","href":"https:\/\/api.w.org\/{rel}","templated":true}]}}